{"id":3552,"date":"2020-11-25T13:35:01","date_gmt":"2020-11-25T12:35:01","guid":{"rendered":"https:\/\/www.spinalis.com\/?post_type=product&#038;p=3552"},"modified":"2025-12-09T15:12:04","modified_gmt":"2025-12-09T14:12:04","slug":"spinalis-explorer","status":"publish","type":"product","link":"https:\/\/www.spinalis.com\/sl\/pisarniski-stoli\/spinalis-explorer\/","title":{"rendered":"SpinaliS EXPLORER"},"content":{"rendered":"<p>Explorer pisarni\u0161ki stol je odli\u010dna izbira za vse, ki si \u017eelijo nastaviti sede\u017e nekoliko vi\u0161je in kljub temu ostati mobilni. Udoben minimalisti\u010den naslon za hrbet in delno oporo rok vas pri delu ne ovirata, saj so ro\u010dke nekoliko kraj\u0161e in ga z lahkoto pospravite bli\u017eje k mizi. Sede\u017e nakazuje obliko sedla, vendar je zaradi svoje zaobljene oblike primeren tudi za sedenje v krilu. Hibrid med modeloma Smart in Rodeo vas bo navdu\u0161il s svojo funkcionalnostjo, saj zagotavlja udobje, aktivno sedenje in mo\u017enost nastavitve naslona in sede\u017ea v vi\u0161je polo\u017eaje.<\/p>\n","protected":false},"excerpt":{"rendered":"<p>Pisarni\u0161ki stol SpinaliS Explorer je udoben, ergonomsko oblikovan pisarni\u0161ki stol z ni\u017ejim naslonom, ki vas bo navdu\u0161il s svojo funkcionalnostjo.<\/p>\n","protected":false},"featured_media":8041,"comment_status":"closed","ping_status":"closed","template":"","meta":{"_acf_changed":false},"product_brand":[],"product_cat":[24],"product_tag":[128],"class_list":{"0":"post-3552","1":"product","2":"type-product","3":"status-publish","4":"has-post-thumbnail","6":"product_cat-pisarniski-stoli","7":"product_tag-specialni","8":"product_shipping_class-gls","9":"wcpa_has_options","11":"first","12":"instock","13":"taxable","14":"shipping-taxable","15":"purchasable","16":"product-type-variable","17":"has-default-attributes"},"acf":[],"wcpa_form_fields":{"wcpaData":{"product":{"product_price":776,"price_html":"<span class=\"woocommerce-Price-amount amount\"><bdi>776,00<span class=\"woocommerce-Price-currencySymbol\">&euro;<\/span><\/bdi><\/span> <small class=\"woocommerce-price-suffix\">(vklju\u010den DDV)<\/small>","original_product_price":776,"price_including_tax":776,"price_excluding_tax":636.06500000000005456968210637569427490234375,"product_id":{"parent":3552,"variation":false},"is_variable":true,"stock_status":"instock","stock_quantity":null,"parent_sku":"","product_attributes":{"pa_barva":{"is_variation":true,"values":[]}},"custom_fields":[],"is_taxable":true,"product_name":"SpinaliS EXPLORER","hasImage":false},"fields":{"sec_869651421b72ea":{"extra":{"key":"sec_869651421b72ea","section_id":"sec_869651421b72ea","name":"Default","status":1,"cl_rule":"show","enableCl":false,"relations":[],"toggle":true,"title_tag":"h3","show_title":false,"showPrice":"default","form_id":5710,"form_rules":{"exclude_from_discount":false,"fee_label":"Fee","disp_hide_options_price":false,"disp_show_section_price":false,"disp_show_field_price":false,"layout_option":"standard","pric_use_as_fee":false,"process_fee_as":"woo_fee"},"layout_option":"standard"},"fields":[[{"type":"radio-group","elementId":"wcpa-radio-group-1610491111189","label":"Dvi\u017enik","description":"Dvi\u017enik S","enablePrice":true,"priceOptions":"different_for_all","pricingType":"fixed","name":"radio-group-1610491111189","other_text":"Other","enableCl":true,"cl_rule":"show","cl_val":"877","col":6,"values":[{"label":"SGP ( nizek dvi\u017enik ) vi\u0161ina uporabnika do 165 cm","value":"sgp","price":"0","pimage":"","pimage_id":"","pthumb":"","selected":true,"tempId":"aco_22","gt_translate_keys":["label"]},{"label":"MGP ( standardni dvi\u017enik ) vi\u0161ina uporabnika 160 - 190 cm","value":"mgp","price":"18","pimage":"","pimage_id":"","pthumb":"","tempId":"aco_23","gt_translate_keys":["label"]},{"label":"LGP ( visok dvi\u017enik ) vi\u0161ina uporabnika 185 - 200 cm","value":"lgp","price":"15","pimage":"","pimage_id":"","pthumb":"","tempId":"aco_24","gt_translate_keys":["label"]},{"label":"XLGP ( extra visok dvi\u017enik ) za posebna delovna mesta","value":"xl","price":"21","pimage":"","pimage_id":"","pthumb":"","tempId":"aco_25","gt_translate_keys":["label"]}],"relations":[{"operator":false,"rules":[{"operator":false,"rules":{"cl_field":"product_ids","cl_relation":"is_in","cl_val":877}}]}],"active":true,"tooltip":"","layOut":"","checkUi":"","error":false,"gt_translate_keys":["label","description","tooltip"],"price_dependency":false,"cl_dependency":["wcpa-checkbox-group-1610481378429"],"value":""}],[{"type":"radio-group","elementId":"wcpa-radio-group-1610534257454","label":"Dvi\u017enik","description":"Dvi\u017enik M","enablePrice":true,"priceOptions":"different_for_all","pricingType":"fixed","name":"radio-group-1610534257453","other_text":"Other","enableCl":true,"cl_rule":"hide","cl_val":"1113,877,951","col":6,"values":[{"label":"SGP ( nizek dvi\u017enik ) vi\u0161ina uporabnika do 165 cm","value":"sgp","price":"12","pimage":"","pimage_id":"","pthumb":"","tempId":"aco_65","gt_translate_keys":["label"]},{"label":"MGP ( standardni dvi\u017enik ) vi\u0161ina uporabnika 160 - 190 cm","value":"mgp","price":"0","pimage":"","pimage_id":"","pthumb":"","selected":true,"tempId":"aco_66","gt_translate_keys":["label"]},{"label":"LGP ( visok dvi\u017enik ) vi\u0161ina uporabnika 185 - 200 cm","value":"lgp","price":"15","pimage":"","pimage_id":"","pthumb":"","tempId":"aco_67","gt_translate_keys":["label"]},{"label":"XLGP ( extra visok dvi\u017enik ) za posebna delovna mesta","value":"xl","price":"21","pimage":"","pimage_id":"","pthumb":"","tempId":"aco_68","gt_translate_keys":["label"]}],"relations":[{"operator":false,"rules":[{"operator":false,"rules":{"cl_field":"product_ids","cl_relation":"is_in","cl_val":[1113,877,951]}}]}],"active":true,"tooltip":"","layOut":"","checkUi":"","error":false,"gt_translate_keys":["label","description","tooltip"],"price_dependency":false,"cl_dependency":["wcpa-checkbox-group-1610481378429"],"value":""}],[{"type":"radio-group","elementId":"wcpa-radio-group-1610534256803","label":"Dvi\u017enik","description":"Dvi\u017enik L","enablePrice":true,"priceOptions":"different_for_all","pricingType":"fixed","name":"radio-group-1610534256802","other_text":"Other","enableCl":true,"cl_rule":"show","cl_val":"951","col":6,"values":[{"label":"SGP ( nizek dvi\u017enik ) vi\u0161ina uporabnika do 165 cm","value":"sgp","price":"12","pimage":"","pimage_id":"","pthumb":"","tempId":"aco_112","gt_translate_keys":["label"]},{"label":"MGP ( standardni dvi\u017enik ) vi\u0161ina uporabnika 160 - 190 cm","value":"mgp","price":"18","pimage":"","pimage_id":"","pthumb":"","tempId":"aco_113","gt_translate_keys":["label"]},{"label":"LGP ( visok dvi\u017enik ) vi\u0161ina uporabnika 185 - 200 cm","value":"lgp","price":"0","pimage":"","pimage_id":"","pthumb":"","selected":true,"tempId":"aco_114","gt_translate_keys":["label"]},{"label":"XLGP ( extra visok dvi\u017enik ) za posebna delovna mesta","value":"xl","price":"21","pimage":"","pimage_id":"","pthumb":"","tempId":"aco_115","gt_translate_keys":["label"]}],"relations":[{"operator":false,"rules":[{"operator":false,"rules":{"cl_field":"product_ids","cl_relation":"is_in","cl_val":951}}]}],"active":true,"tooltip":"","layOut":"","checkUi":"","error":false,"gt_translate_keys":["label","description","tooltip"],"price_dependency":false,"cl_dependency":["wcpa-checkbox-group-1610481378429"],"value":""}],[{"type":"radio-group","elementId":"wcpa-radio-group-1610534256253","label":"Dvi\u017enik","description":"Dvi\u017enik XL","enablePrice":true,"priceOptions":"different_for_all","pricingType":"fixed","name":"radio-group-1610534256252","other_text":"Other","enableCl":true,"cl_rule":"show","cl_val":"1113","col":6,"values":[{"label":"SGP ( nizek dvi\u017enik ) vi\u0161ina uporabnika do 165 cm","value":"sgp","price":"12","pimage":"","pimage_id":"","pthumb":"","tempId":"aco_146","gt_translate_keys":["label"]},{"label":"MGP ( standardni dvi\u017enik ) vi\u0161ina uporabnika 160 - 190 cm","value":"mgp","price":"18","pimage":"","pimage_id":"","pthumb":"","tempId":"aco_147","gt_translate_keys":["label"]},{"label":"LGP ( visok dvi\u017enik ) vi\u0161ina uporabnika 185 - 200 cm","value":"lgp","price":"15","pimage":"","pimage_id":"","pthumb":"","tempId":"aco_148","gt_translate_keys":["label"]},{"label":"XLGP ( extra visok dvi\u017enik ) za posebna delovna mesta","value":"xl","price":"0","pimage":"","pimage_id":"","pthumb":"","selected":true,"tempId":"aco_149","gt_translate_keys":["label"]}],"relations":[{"operator":false,"rules":[{"operator":false,"rules":{"cl_field":"product_ids","cl_relation":"is_in","cl_val":1113}}]}],"active":true,"tooltip":"","layOut":"","checkUi":"","error":false,"gt_translate_keys":["label","description","tooltip"],"price_dependency":false,"cl_dependency":["wcpa-checkbox-group-1610481378429"],"value":""}],[{"type":"checkbox-group","elementId":"wcpa-checkbox-group-1610481378429","label":"Obro\u010d za noge","description":"","desc_type":true,"enablePrice":true,"priceOptions":"different_for_all","pricingType":"fixed","className":"product-option-obroc","name":"checkbox-group-1610481378429","other_text":"Other","enableCl":true,"cl_rule":"hide","cl_val":"877","operator":"or","col":6,"values":[{"label":"DA ","value":"#OBR-NOG-BLK","price":"18","pimage":"","pimage_id":"","pthumb":"","tempId":"aco_181","gt_translate_keys":["label"]}],"relations":[{"operator":false,"rules":[{"operator":"or","rules":{"cl_field":"wcpa-radio-group-1610491111189","cl_relation":"is","cl_val":"sgp"}},{"operator":"or","rules":{"cl_field":"wcpa-radio-group-1610534257454","cl_relation":"is","cl_val":"sgp"}},{"operator":"or","rules":{"cl_field":"wcpa-radio-group-1610534256803","cl_relation":"is","cl_val":"sgp"}},{"operator":"or","rules":{"cl_field":"wcpa-radio-group-1610534256253","cl_relation":"is","cl_val":"sgp"}},{"operator":false,"rules":{"cl_field":"product_ids","cl_relation":"is_in","cl_val":877}}]}],"active":true,"tooltip":"Obro\u010d za noge je namenjen predvsem otrokom in ni\u017ejim uporabnikom, ki ob optimalni nastavitvi med vi\u0161ino stola in mize, ne bi dosegli tal.","layOut":"","checkUi":"","error":false,"hideFieldIn_cart":false,"gt_translate_keys":["label","description","tooltip"],"price_dependency":false,"cl_dependency":false,"value":""}]]}},"config":{"price_override":"","enable_recaptcha":false,"bind_quantity":false,"quantity_bind_formula":false,"disp_summ_show_option_price":true,"disp_summ_show_product_price":true,"disp_summ_show_total_price":true,"disp_summ_show_fee":false,"disp_summ_show_discount":false,"summary_title":"","options_total_label":"Dodatki","total_label":"Skupaj","options_product_label":"Osnovna cena","fee_label":"Fee","discount_label":"Discount","has_price":true,"has_quantity_formula":false},"mc_unit":1,"tax_rate":1.2199999999999999733546474089962430298328399658203125,"tax_rate_real":0.2200000000000000011102230246251565404236316680908203125,"discount":{"percentage":0,"fixed":0},"design":{"conf":{"LabelPosition":"above","DescPosition":"above","UploadField":"custom_1","QuantityFieldStyle":"default"},"css":{"LeftLabelWidth":"120px"}},"formulas":[],"clones":false,"cartKey":false}},"_links":{"self":[{"href":"https:\/\/www.spinalis.com\/sl\/wp-json\/wp\/v2\/product\/3552","targetHints":{"allow":["GET"]}}],"collection":[{"href":"https:\/\/www.spinalis.com\/sl\/wp-json\/wp\/v2\/product"}],"about":[{"href":"https:\/\/www.spinalis.com\/sl\/wp-json\/wp\/v2\/types\/product"}],"replies":[{"embeddable":true,"href":"https:\/\/www.spinalis.com\/sl\/wp-json\/wp\/v2\/comments?post=3552"}],"wp:featuredmedia":[{"embeddable":true,"href":"https:\/\/www.spinalis.com\/sl\/wp-json\/wp\/v2\/media\/8041"}],"wp:attachment":[{"href":"https:\/\/www.spinalis.com\/sl\/wp-json\/wp\/v2\/media?parent=3552"}],"wp:term":[{"taxonomy":"product_brand","embeddable":true,"href":"https:\/\/www.spinalis.com\/sl\/wp-json\/wp\/v2\/product_brand?post=3552"},{"taxonomy":"product_cat","embeddable":true,"href":"https:\/\/www.spinalis.com\/sl\/wp-json\/wp\/v2\/product_cat?post=3552"},{"taxonomy":"product_tag","embeddable":true,"href":"https:\/\/www.spinalis.com\/sl\/wp-json\/wp\/v2\/product_tag?post=3552"}],"curies":[{"name":"wp","href":"https:\/\/api.w.org\/{rel}","templated":true}]}}