{"id":164,"date":"2020-04-20T19:26:29","date_gmt":"2020-04-20T18:26:29","guid":{"rendered":"https:\/\/www.spinalis.com\/?post_type=product&#038;p=164"},"modified":"2026-03-27T15:47:20","modified_gmt":"2026-03-27T14:47:20","slug":"spinalis-apollo","status":"publish","type":"product","link":"https:\/\/www.spinalis.com\/sl\/pisarniski-stoli\/spinalis-apollo\/","title":{"rendered":"SpinaliS APOLLO"},"content":{"rendered":"<p>Pisarni\u0161ki stol SpinaliS Apollo je posebne\u017e. Kot pri vseh SpinaliSovih pisarni\u0161kih stolih je tudi Apollov sede\u017e gibljiv in po vi\u0161ini nastavljiv. Ne dopu\u0161\u010da vam nepravilnih polo\u017eajev in spodbuja aktivno sedenje ter s tem krepi va\u0161e hrbtne mi\u0161ice. Od drugih Spinalisovih pisarni\u0161kih stolov ga lo\u010di izrazita eleganca in poudarjeno udobje. V sede\u017e smo dodatno vstavili blazinice, ki nudijo ve\u010dje udobje medenici ter pre\u0161ili sedalni del po sedalni krivini. Ergonomski naslon za hrbet posnema obliko hrbteni\u010dne krivine in sledi na\u0161emu gibanju za optimalno oporo.<\/p>\n","protected":false},"excerpt":{"rendered":"<p><span style=\"font-weight: 400;\">Dodatno podlo\u017eeno udobje.<\/span><\/p>\n","protected":false},"featured_media":8037,"comment_status":"closed","ping_status":"closed","template":"","meta":{"_acf_changed":false},"product_brand":[],"product_cat":[24],"product_tag":[125],"class_list":{"0":"post-164","1":"product","2":"type-product","3":"status-publish","4":"has-post-thumbnail","6":"product_cat-pisarniski-stoli","7":"product_tag-dodatna-ledvena-opora","8":"product_shipping_class-gls","9":"wcpa_has_options","11":"first","12":"instock","13":"taxable","14":"shipping-taxable","15":"purchasable","16":"product-type-variable","17":"has-default-attributes"},"acf":[],"wcpa_form_fields":{"wcpaData":{"product":{"product_price":920,"price_html":"<span class=\"woocommerce-Price-amount amount\" aria-hidden=\"true\"><bdi>920,00<span class=\"woocommerce-Price-currencySymbol\">&euro;<\/span><\/bdi><\/span> <span aria-hidden=\"true\">-<\/span> <span class=\"woocommerce-Price-amount amount\" aria-hidden=\"true\"><bdi>1.132,28<span class=\"woocommerce-Price-currencySymbol\">&euro;<\/span><\/bdi><\/span><span class=\"screen-reader-text\">Cenovni razpon: od 920,00&euro; do 1.132,28&euro;<\/span> <small class=\"woocommerce-price-suffix\">(vklju\u010den DDV)<\/small>","original_product_price":920,"price_including_tax":920,"price_excluding_tax":754.1000000000000227373675443232059478759765625,"product_id":{"parent":164,"variation":false},"is_variable":true,"stock_status":"instock","stock_quantity":null,"parent_sku":"","product_attributes":{"pa_barva":{"is_variation":true,"values":[]},"pa_ogrodje":{"is_variation":true,"values":[]}},"custom_fields":[],"is_taxable":true,"product_name":"SpinaliS APOLLO","hasImage":false},"fields":{"sec_869651421b72ea":{"extra":{"key":"sec_869651421b72ea","section_id":"sec_869651421b72ea","name":"Default","status":1,"cl_rule":"show","enableCl":false,"relations":[],"toggle":true,"title_tag":"h3","show_title":false,"showPrice":"default","form_id":5710,"form_rules":{"exclude_from_discount":false,"fee_label":"Fee","disp_hide_options_price":false,"disp_show_section_price":false,"disp_show_field_price":false,"layout_option":"standard","pric_use_as_fee":false,"process_fee_as":"woo_fee"},"layout_option":"standard"},"fields":[[{"type":"radio-group","elementId":"wcpa-radio-group-1610491111189","label":"Dvi\u017enik","description":"Dvi\u017enik S","enablePrice":true,"priceOptions":"different_for_all","pricingType":"fixed","name":"radio-group-1610491111189","other_text":"Other","enableCl":true,"cl_rule":"show","cl_val":"877","col":6,"values":[{"label":"SGP ( nizek dvi\u017enik ) vi\u0161ina uporabnika do 165 cm","value":"sgp","price":"0","pimage":"","pimage_id":"","pthumb":"","selected":true,"tempId":"aco_22","gt_translate_keys":["label"]},{"label":"MGP ( standardni dvi\u017enik ) vi\u0161ina uporabnika 160 - 190 cm","value":"mgp","price":"18","pimage":"","pimage_id":"","pthumb":"","tempId":"aco_23","gt_translate_keys":["label"]},{"label":"LGP ( visok dvi\u017enik ) vi\u0161ina uporabnika 185 - 200 cm","value":"lgp","price":"15","pimage":"","pimage_id":"","pthumb":"","tempId":"aco_24","gt_translate_keys":["label"]},{"label":"XLGP ( extra visok dvi\u017enik ) za posebna delovna mesta","value":"xl","price":"21","pimage":"","pimage_id":"","pthumb":"","tempId":"aco_25","gt_translate_keys":["label"]}],"relations":[{"operator":false,"rules":[{"operator":false,"rules":{"cl_field":"product_ids","cl_relation":"is_in","cl_val":877}}]}],"active":true,"tooltip":"","layOut":"","checkUi":"","error":false,"gt_translate_keys":["label","description","tooltip"],"price_dependency":false,"cl_dependency":["wcpa-checkbox-group-1610481378429"],"value":""}],[{"type":"radio-group","elementId":"wcpa-radio-group-1610534257454","label":"Dvi\u017enik","description":"Dvi\u017enik M","enablePrice":true,"priceOptions":"different_for_all","pricingType":"fixed","name":"radio-group-1610534257453","other_text":"Other","enableCl":true,"cl_rule":"hide","cl_val":"1113,877,951","col":6,"values":[{"label":"SGP ( nizek dvi\u017enik ) vi\u0161ina uporabnika do 165 cm","value":"sgp","price":"12","pimage":"","pimage_id":"","pthumb":"","tempId":"aco_65","gt_translate_keys":["label"]},{"label":"MGP ( standardni dvi\u017enik ) vi\u0161ina uporabnika 160 - 190 cm","value":"mgp","price":"0","pimage":"","pimage_id":"","pthumb":"","selected":true,"tempId":"aco_66","gt_translate_keys":["label"]},{"label":"LGP ( visok dvi\u017enik ) vi\u0161ina uporabnika 185 - 200 cm","value":"lgp","price":"15","pimage":"","pimage_id":"","pthumb":"","tempId":"aco_67","gt_translate_keys":["label"]},{"label":"XLGP ( extra visok dvi\u017enik ) za posebna delovna mesta","value":"xl","price":"21","pimage":"","pimage_id":"","pthumb":"","tempId":"aco_68","gt_translate_keys":["label"]}],"relations":[{"operator":false,"rules":[{"operator":false,"rules":{"cl_field":"product_ids","cl_relation":"is_in","cl_val":[1113,877,951]}}]}],"active":true,"tooltip":"","layOut":"","checkUi":"","error":false,"gt_translate_keys":["label","description","tooltip"],"price_dependency":false,"cl_dependency":["wcpa-checkbox-group-1610481378429"],"value":""}],[{"type":"radio-group","elementId":"wcpa-radio-group-1610534256803","label":"Dvi\u017enik","description":"Dvi\u017enik L","enablePrice":true,"priceOptions":"different_for_all","pricingType":"fixed","name":"radio-group-1610534256802","other_text":"Other","enableCl":true,"cl_rule":"show","cl_val":"951","col":6,"values":[{"label":"SGP ( nizek dvi\u017enik ) vi\u0161ina uporabnika do 165 cm","value":"sgp","price":"12","pimage":"","pimage_id":"","pthumb":"","tempId":"aco_112","gt_translate_keys":["label"]},{"label":"MGP ( standardni dvi\u017enik ) vi\u0161ina uporabnika 160 - 190 cm","value":"mgp","price":"18","pimage":"","pimage_id":"","pthumb":"","tempId":"aco_113","gt_translate_keys":["label"]},{"label":"LGP ( visok dvi\u017enik ) vi\u0161ina uporabnika 185 - 200 cm","value":"lgp","price":"0","pimage":"","pimage_id":"","pthumb":"","selected":true,"tempId":"aco_114","gt_translate_keys":["label"]},{"label":"XLGP ( extra visok dvi\u017enik ) za posebna delovna mesta","value":"xl","price":"21","pimage":"","pimage_id":"","pthumb":"","tempId":"aco_115","gt_translate_keys":["label"]}],"relations":[{"operator":false,"rules":[{"operator":false,"rules":{"cl_field":"product_ids","cl_relation":"is_in","cl_val":951}}]}],"active":true,"tooltip":"","layOut":"","checkUi":"","error":false,"gt_translate_keys":["label","description","tooltip"],"price_dependency":false,"cl_dependency":["wcpa-checkbox-group-1610481378429"],"value":""}],[{"type":"radio-group","elementId":"wcpa-radio-group-1610534256253","label":"Dvi\u017enik","description":"Dvi\u017enik XL","enablePrice":true,"priceOptions":"different_for_all","pricingType":"fixed","name":"radio-group-1610534256252","other_text":"Other","enableCl":true,"cl_rule":"show","cl_val":"1113","col":6,"values":[{"label":"SGP ( nizek dvi\u017enik ) vi\u0161ina uporabnika do 165 cm","value":"sgp","price":"12","pimage":"","pimage_id":"","pthumb":"","tempId":"aco_146","gt_translate_keys":["label"]},{"label":"MGP ( standardni dvi\u017enik ) vi\u0161ina uporabnika 160 - 190 cm","value":"mgp","price":"18","pimage":"","pimage_id":"","pthumb":"","tempId":"aco_147","gt_translate_keys":["label"]},{"label":"LGP ( visok dvi\u017enik ) vi\u0161ina uporabnika 185 - 200 cm","value":"lgp","price":"15","pimage":"","pimage_id":"","pthumb":"","tempId":"aco_148","gt_translate_keys":["label"]},{"label":"XLGP ( extra visok dvi\u017enik ) za posebna delovna mesta","value":"xl","price":"0","pimage":"","pimage_id":"","pthumb":"","selected":true,"tempId":"aco_149","gt_translate_keys":["label"]}],"relations":[{"operator":false,"rules":[{"operator":false,"rules":{"cl_field":"product_ids","cl_relation":"is_in","cl_val":1113}}]}],"active":true,"tooltip":"","layOut":"","checkUi":"","error":false,"gt_translate_keys":["label","description","tooltip"],"price_dependency":false,"cl_dependency":["wcpa-checkbox-group-1610481378429"],"value":""}],[{"type":"checkbox-group","elementId":"wcpa-checkbox-group-1610481378429","label":"Obro\u010d za noge","description":"","desc_type":true,"enablePrice":true,"priceOptions":"different_for_all","pricingType":"fixed","className":"product-option-obroc","name":"checkbox-group-1610481378429","other_text":"Other","enableCl":true,"cl_rule":"hide","cl_val":"877","operator":"or","col":6,"values":[{"label":"DA ","value":"#OBR-NOG-BLK","price":"18","pimage":"","pimage_id":"","pthumb":"","tempId":"aco_181","gt_translate_keys":["label"]}],"relations":[{"operator":false,"rules":[{"operator":"or","rules":{"cl_field":"wcpa-radio-group-1610491111189","cl_relation":"is","cl_val":"sgp"}},{"operator":"or","rules":{"cl_field":"wcpa-radio-group-1610534257454","cl_relation":"is","cl_val":"sgp"}},{"operator":"or","rules":{"cl_field":"wcpa-radio-group-1610534256803","cl_relation":"is","cl_val":"sgp"}},{"operator":"or","rules":{"cl_field":"wcpa-radio-group-1610534256253","cl_relation":"is","cl_val":"sgp"}},{"operator":false,"rules":{"cl_field":"product_ids","cl_relation":"is_in","cl_val":877}}]}],"active":true,"tooltip":"Obro\u010d za noge je namenjen predvsem otrokom in ni\u017ejim uporabnikom, ki ob optimalni nastavitvi med vi\u0161ino stola in mize, ne bi dosegli tal.","layOut":"","checkUi":"","error":false,"hideFieldIn_cart":false,"gt_translate_keys":["label","description","tooltip"],"price_dependency":false,"cl_dependency":false,"value":""}]]}},"config":{"price_override":"","enable_recaptcha":false,"bind_quantity":false,"quantity_bind_formula":false,"disp_summ_show_option_price":true,"disp_summ_show_product_price":true,"disp_summ_show_total_price":true,"disp_summ_show_fee":false,"disp_summ_show_discount":false,"summary_title":"","options_total_label":"Dodatki","total_label":"Skupaj","options_product_label":"Osnovna cena","fee_label":"Fee","discount_label":"Discount","has_price":true,"has_quantity_formula":false},"mc_unit":1,"tax_rate":1.2199999999999999733546474089962430298328399658203125,"tax_rate_real":0.2200000000000000011102230246251565404236316680908203125,"discount":{"percentage":0,"fixed":0},"design":{"conf":{"LabelPosition":"above","DescPosition":"above","UploadField":"custom_1","QuantityFieldStyle":"default"},"css":{"LeftLabelWidth":"120px"}},"formulas":[],"clones":false,"cartKey":false}},"_links":{"self":[{"href":"https:\/\/www.spinalis.com\/sl\/wp-json\/wp\/v2\/product\/164","targetHints":{"allow":["GET"]}}],"collection":[{"href":"https:\/\/www.spinalis.com\/sl\/wp-json\/wp\/v2\/product"}],"about":[{"href":"https:\/\/www.spinalis.com\/sl\/wp-json\/wp\/v2\/types\/product"}],"replies":[{"embeddable":true,"href":"https:\/\/www.spinalis.com\/sl\/wp-json\/wp\/v2\/comments?post=164"}],"wp:featuredmedia":[{"embeddable":true,"href":"https:\/\/www.spinalis.com\/sl\/wp-json\/wp\/v2\/media\/8037"}],"wp:attachment":[{"href":"https:\/\/www.spinalis.com\/sl\/wp-json\/wp\/v2\/media?parent=164"}],"wp:term":[{"taxonomy":"product_brand","embeddable":true,"href":"https:\/\/www.spinalis.com\/sl\/wp-json\/wp\/v2\/product_brand?post=164"},{"taxonomy":"product_cat","embeddable":true,"href":"https:\/\/www.spinalis.com\/sl\/wp-json\/wp\/v2\/product_cat?post=164"},{"taxonomy":"product_tag","embeddable":true,"href":"https:\/\/www.spinalis.com\/sl\/wp-json\/wp\/v2\/product_tag?post=164"}],"curies":[{"name":"wp","href":"https:\/\/api.w.org\/{rel}","templated":true}]}}