{"id":1113,"date":"2020-05-18T10:26:55","date_gmt":"2020-05-18T09:26:55","guid":{"rendered":"https:\/\/www.spinalis.com\/?post_type=product&#038;p=1113"},"modified":"2025-12-09T15:12:04","modified_gmt":"2025-12-09T14:12:04","slug":"spinalis-stylist","status":"publish","type":"product","link":"https:\/\/www.spinalis.com\/sl\/pisarniski-stoli\/spinalis-stylist\/","title":{"rendered":"SpinaliS STYLIST"},"content":{"rendered":"<p>Stol SpinaliS Stylist smo razvili na pobudo najbolj\u0161ih slovenskih frizerjev in vseh, ki ve\u010dino dneva delajo v stoje\u010dem ali polstoje\u010dem polo\u017eaju. Odlikuje ga zna\u010dilen gibljiv sede\u017e SpinaliS ter posebno oblikovano sedalo, ki nudi zanesljivo oporo tudi, ko se nagnete naprej ali sedite le na robu.<\/p>\n<p>Zasnova stola omogo\u010da pravilno dr\u017eo hrbtenice in zmanj\u0161uje obremenitve, ki nastajajo pri dolgotrajnem delu v prisiljeni dr\u017ei.<\/p>\n<p><strong>Pomembno:<\/strong><br \/>\n\u2013 Pri delu v stoje\u010dem ali polstoje\u010dem polo\u017eaju priporo\u010damo uporabo\u00a0<strong>fiksnih nogic<\/strong>\u00a0namesto koles za ve\u010djo stabilnost.<br \/>\n\u2013\u00a0<strong>Frizerjem priporo\u010damo kolesca z zavoro<\/strong>, ki omogo\u010dajo varno gibanje in hkrati prepre\u010dujejo ne\u017eeleno premikanje stola med delom.<\/p>\n","protected":false},"excerpt":{"rendered":"<p>Stol SpinaliS Stylist smo razvili na pobudo najbolj\u0161ih slovenskih frizerjev in vseh, ki ve\u010dino dneva delajo v stoje\u010dem ali polstoje\u010dem polo\u017eaju. Odlikuje ga zna\u010dilen gibljiv sede\u017e SpinaliS ter posebno oblikovano sedalo, ki nudi zanesljivo oporo tudi, ko se nagnete naprej ali sedite le na robu. Zasnova stola omogo\u010da pravilno dr\u017eo hrbtenice in zmanj\u0161uje obremenitve, ki [&hellip;]<\/p>\n","protected":false},"featured_media":8048,"comment_status":"closed","ping_status":"closed","template":"","meta":{"_acf_changed":false},"product_brand":[],"product_cat":[24],"product_tag":[128],"class_list":{"0":"post-1113","1":"product","2":"type-product","3":"status-publish","4":"has-post-thumbnail","6":"product_cat-pisarniski-stoli","7":"product_tag-specialni","8":"product_shipping_class-gls","9":"wcpa_has_options","11":"first","12":"instock","13":"taxable","14":"shipping-taxable","15":"purchasable","16":"product-type-variable","17":"has-default-attributes"},"acf":[],"wcpa_form_fields":{"wcpaData":{"product":{"product_price":580,"price_html":"<span class=\"woocommerce-Price-amount amount\"><bdi>580,00<span class=\"woocommerce-Price-currencySymbol\">&euro;<\/span><\/bdi><\/span> <small class=\"woocommerce-price-suffix\">(vklju\u010den DDV)<\/small>","original_product_price":580,"price_including_tax":580,"price_excluding_tax":475.41000000000002501110429875552654266357421875,"product_id":{"parent":1113,"variation":false},"is_variable":true,"stock_status":"instock","stock_quantity":null,"parent_sku":"","product_attributes":{"pa_barva":{"is_variation":true,"values":[]}},"custom_fields":[],"is_taxable":true,"product_name":"SpinaliS STYLIST","hasImage":false},"fields":{"sec_869651421b72ea":{"extra":{"key":"sec_869651421b72ea","section_id":"sec_869651421b72ea","name":"Default","status":1,"cl_rule":"show","enableCl":false,"relations":[],"toggle":true,"title_tag":"h3","show_title":false,"showPrice":"default","form_id":5710,"form_rules":{"exclude_from_discount":false,"fee_label":"Fee","disp_hide_options_price":false,"disp_show_section_price":false,"disp_show_field_price":false,"layout_option":"standard","pric_use_as_fee":false,"process_fee_as":"woo_fee"},"layout_option":"standard"},"fields":[[{"type":"radio-group","elementId":"wcpa-radio-group-1610491111189","label":"Dvi\u017enik","description":"Dvi\u017enik S","enablePrice":true,"priceOptions":"different_for_all","pricingType":"fixed","name":"radio-group-1610491111189","other_text":"Other","enableCl":true,"cl_rule":"show","cl_val":"877","col":6,"values":[{"label":"SGP ( nizek dvi\u017enik ) vi\u0161ina uporabnika do 165 cm","value":"sgp","price":"0","pimage":"","pimage_id":"","pthumb":"","selected":true,"tempId":"aco_22","gt_translate_keys":["label"]},{"label":"MGP ( standardni dvi\u017enik ) vi\u0161ina uporabnika 160 - 190 cm","value":"mgp","price":"18","pimage":"","pimage_id":"","pthumb":"","tempId":"aco_23","gt_translate_keys":["label"]},{"label":"LGP ( visok dvi\u017enik ) vi\u0161ina uporabnika 185 - 200 cm","value":"lgp","price":"15","pimage":"","pimage_id":"","pthumb":"","tempId":"aco_24","gt_translate_keys":["label"]},{"label":"XLGP ( extra visok dvi\u017enik ) za posebna delovna mesta","value":"xl","price":"21","pimage":"","pimage_id":"","pthumb":"","tempId":"aco_25","gt_translate_keys":["label"]}],"relations":[{"operator":false,"rules":[{"operator":false,"rules":{"cl_field":"product_ids","cl_relation":"is_in","cl_val":877}}]}],"active":true,"tooltip":"","layOut":"","checkUi":"","error":false,"gt_translate_keys":["label","description","tooltip"],"price_dependency":false,"cl_dependency":["wcpa-checkbox-group-1610481378429"],"value":""}],[{"type":"radio-group","elementId":"wcpa-radio-group-1610534257454","label":"Dvi\u017enik","description":"Dvi\u017enik M","enablePrice":true,"priceOptions":"different_for_all","pricingType":"fixed","name":"radio-group-1610534257453","other_text":"Other","enableCl":true,"cl_rule":"hide","cl_val":"1113,877,951","col":6,"values":[{"label":"SGP ( nizek dvi\u017enik ) vi\u0161ina uporabnika do 165 cm","value":"sgp","price":"12","pimage":"","pimage_id":"","pthumb":"","tempId":"aco_65","gt_translate_keys":["label"]},{"label":"MGP ( standardni dvi\u017enik ) vi\u0161ina uporabnika 160 - 190 cm","value":"mgp","price":"0","pimage":"","pimage_id":"","pthumb":"","selected":true,"tempId":"aco_66","gt_translate_keys":["label"]},{"label":"LGP ( visok dvi\u017enik ) vi\u0161ina uporabnika 185 - 200 cm","value":"lgp","price":"15","pimage":"","pimage_id":"","pthumb":"","tempId":"aco_67","gt_translate_keys":["label"]},{"label":"XLGP ( extra visok dvi\u017enik ) za posebna delovna mesta","value":"xl","price":"21","pimage":"","pimage_id":"","pthumb":"","tempId":"aco_68","gt_translate_keys":["label"]}],"relations":[{"operator":false,"rules":[{"operator":false,"rules":{"cl_field":"product_ids","cl_relation":"is_in","cl_val":[1113,877,951]}}]}],"active":true,"tooltip":"","layOut":"","checkUi":"","error":false,"gt_translate_keys":["label","description","tooltip"],"price_dependency":false,"cl_dependency":["wcpa-checkbox-group-1610481378429"],"value":""}],[{"type":"radio-group","elementId":"wcpa-radio-group-1610534256803","label":"Dvi\u017enik","description":"Dvi\u017enik L","enablePrice":true,"priceOptions":"different_for_all","pricingType":"fixed","name":"radio-group-1610534256802","other_text":"Other","enableCl":true,"cl_rule":"show","cl_val":"951","col":6,"values":[{"label":"SGP ( nizek dvi\u017enik ) vi\u0161ina uporabnika do 165 cm","value":"sgp","price":"12","pimage":"","pimage_id":"","pthumb":"","tempId":"aco_112","gt_translate_keys":["label"]},{"label":"MGP ( standardni dvi\u017enik ) vi\u0161ina uporabnika 160 - 190 cm","value":"mgp","price":"18","pimage":"","pimage_id":"","pthumb":"","tempId":"aco_113","gt_translate_keys":["label"]},{"label":"LGP ( visok dvi\u017enik ) vi\u0161ina uporabnika 185 - 200 cm","value":"lgp","price":"0","pimage":"","pimage_id":"","pthumb":"","selected":true,"tempId":"aco_114","gt_translate_keys":["label"]},{"label":"XLGP ( extra visok dvi\u017enik ) za posebna delovna mesta","value":"xl","price":"21","pimage":"","pimage_id":"","pthumb":"","tempId":"aco_115","gt_translate_keys":["label"]}],"relations":[{"operator":false,"rules":[{"operator":false,"rules":{"cl_field":"product_ids","cl_relation":"is_in","cl_val":951}}]}],"active":true,"tooltip":"","layOut":"","checkUi":"","error":false,"gt_translate_keys":["label","description","tooltip"],"price_dependency":false,"cl_dependency":["wcpa-checkbox-group-1610481378429"],"value":""}],[{"type":"radio-group","elementId":"wcpa-radio-group-1610534256253","label":"Dvi\u017enik","description":"Dvi\u017enik XL","enablePrice":true,"priceOptions":"different_for_all","pricingType":"fixed","name":"radio-group-1610534256252","other_text":"Other","enableCl":true,"cl_rule":"show","cl_val":"1113","col":6,"values":[{"label":"SGP ( nizek dvi\u017enik ) vi\u0161ina uporabnika do 165 cm","value":"sgp","price":"12","pimage":"","pimage_id":"","pthumb":"","tempId":"aco_146","gt_translate_keys":["label"]},{"label":"MGP ( standardni dvi\u017enik ) vi\u0161ina uporabnika 160 - 190 cm","value":"mgp","price":"18","pimage":"","pimage_id":"","pthumb":"","tempId":"aco_147","gt_translate_keys":["label"]},{"label":"LGP ( visok dvi\u017enik ) vi\u0161ina uporabnika 185 - 200 cm","value":"lgp","price":"15","pimage":"","pimage_id":"","pthumb":"","tempId":"aco_148","gt_translate_keys":["label"]},{"label":"XLGP ( extra visok dvi\u017enik ) za posebna delovna mesta","value":"xl","price":"0","pimage":"","pimage_id":"","pthumb":"","selected":true,"tempId":"aco_149","gt_translate_keys":["label"]}],"relations":[{"operator":false,"rules":[{"operator":false,"rules":{"cl_field":"product_ids","cl_relation":"is_in","cl_val":1113}}]}],"active":true,"tooltip":"","layOut":"","checkUi":"","error":false,"gt_translate_keys":["label","description","tooltip"],"price_dependency":false,"cl_dependency":["wcpa-checkbox-group-1610481378429"],"value":""}],[{"type":"checkbox-group","elementId":"wcpa-checkbox-group-1610481378429","label":"Obro\u010d za noge","description":"","desc_type":true,"enablePrice":true,"priceOptions":"different_for_all","pricingType":"fixed","className":"product-option-obroc","name":"checkbox-group-1610481378429","other_text":"Other","enableCl":true,"cl_rule":"hide","cl_val":"877","operator":"or","col":6,"values":[{"label":"DA ","value":"#OBR-NOG-BLK","price":"18","pimage":"","pimage_id":"","pthumb":"","tempId":"aco_181","gt_translate_keys":["label"]}],"relations":[{"operator":false,"rules":[{"operator":"or","rules":{"cl_field":"wcpa-radio-group-1610491111189","cl_relation":"is","cl_val":"sgp"}},{"operator":"or","rules":{"cl_field":"wcpa-radio-group-1610534257454","cl_relation":"is","cl_val":"sgp"}},{"operator":"or","rules":{"cl_field":"wcpa-radio-group-1610534256803","cl_relation":"is","cl_val":"sgp"}},{"operator":"or","rules":{"cl_field":"wcpa-radio-group-1610534256253","cl_relation":"is","cl_val":"sgp"}},{"operator":false,"rules":{"cl_field":"product_ids","cl_relation":"is_in","cl_val":877}}]}],"active":true,"tooltip":"Obro\u010d za noge je namenjen predvsem otrokom in ni\u017ejim uporabnikom, ki ob optimalni nastavitvi med vi\u0161ino stola in mize, ne bi dosegli tal.","layOut":"","checkUi":"","error":false,"hideFieldIn_cart":false,"gt_translate_keys":["label","description","tooltip"],"price_dependency":false,"cl_dependency":false,"value":""}]]}},"config":{"price_override":"","enable_recaptcha":false,"bind_quantity":false,"quantity_bind_formula":false,"disp_summ_show_option_price":true,"disp_summ_show_product_price":true,"disp_summ_show_total_price":true,"disp_summ_show_fee":false,"disp_summ_show_discount":false,"summary_title":"","options_total_label":"Dodatki","total_label":"Skupaj","options_product_label":"Osnovna cena","fee_label":"Fee","discount_label":"Discount","has_price":true,"has_quantity_formula":false},"mc_unit":1,"tax_rate":1.2199999999999999733546474089962430298328399658203125,"tax_rate_real":0.2200000000000000011102230246251565404236316680908203125,"discount":{"percentage":0,"fixed":0},"design":{"conf":{"LabelPosition":"above","DescPosition":"above","UploadField":"custom_1","QuantityFieldStyle":"default"},"css":{"LeftLabelWidth":"120px"}},"formulas":[],"clones":false,"cartKey":false}},"_links":{"self":[{"href":"https:\/\/www.spinalis.com\/sl\/wp-json\/wp\/v2\/product\/1113","targetHints":{"allow":["GET"]}}],"collection":[{"href":"https:\/\/www.spinalis.com\/sl\/wp-json\/wp\/v2\/product"}],"about":[{"href":"https:\/\/www.spinalis.com\/sl\/wp-json\/wp\/v2\/types\/product"}],"replies":[{"embeddable":true,"href":"https:\/\/www.spinalis.com\/sl\/wp-json\/wp\/v2\/comments?post=1113"}],"wp:featuredmedia":[{"embeddable":true,"href":"https:\/\/www.spinalis.com\/sl\/wp-json\/wp\/v2\/media\/8048"}],"wp:attachment":[{"href":"https:\/\/www.spinalis.com\/sl\/wp-json\/wp\/v2\/media?parent=1113"}],"wp:term":[{"taxonomy":"product_brand","embeddable":true,"href":"https:\/\/www.spinalis.com\/sl\/wp-json\/wp\/v2\/product_brand?post=1113"},{"taxonomy":"product_cat","embeddable":true,"href":"https:\/\/www.spinalis.com\/sl\/wp-json\/wp\/v2\/product_cat?post=1113"},{"taxonomy":"product_tag","embeddable":true,"href":"https:\/\/www.spinalis.com\/sl\/wp-json\/wp\/v2\/product_tag?post=1113"}],"curies":[{"name":"wp","href":"https:\/\/api.w.org\/{rel}","templated":true}]}}