{"id":85,"date":"2020-04-20T07:38:33","date_gmt":"2020-04-20T06:38:33","guid":{"rendered":"https:\/\/www.spinalis.com\/?page_id=85"},"modified":"2026-02-26T13:28:06","modified_gmt":"2026-02-26T12:28:06","slug":"distributerji","status":"publish","type":"page","link":"https:\/\/www.spinalis.com\/sl\/distributerji\/","title":{"rendered":"Distributerji"},"content":{"rendered":"\n<div class=\"wp-block-columns is-layout-flex wp-container-core-columns-is-layout-28f84493 wp-block-columns-is-layout-flex\">\n<div class=\"wp-block-column is-layout-flow wp-block-column-is-layout-flow\" style=\"flex-basis:50%\">\n<p><iframe title=\"pisarni\u0161ki stoli spinalis ljubljana\" src=\"https:\/\/maps.google.com\/maps?q=pisarni%C5%A1ki%20stoli%20spinalis%20ljubljana&amp;t=m&amp;z=10&amp;output=embed&amp;iwloc=near\" aria-label=\"pisarni\u0161ki stoli spinalis ljubljana\"><\/iframe><\/p>\n<\/div>\n\n\n\n<div class=\"wp-block-column is-layout-flow wp-block-column-is-layout-flow\" style=\"flex-basis:50%\">\n<h2 class=\"wp-block-heading\">Slovenija | LJUBLJANA<\/h2>\n\n\n\n<p>Ham.d.o.o.<br>Gerbi\u010deva 102, 1000 Ljubljana<\/p>\n\n\n\n<p><a href=\"mailto:info@spinalis.si\">info@spinalis.si<\/a><br><a href=\"https:\/\/www.spinalis.com\/\">www.spinalis.com<\/a><\/p>\n<\/div>\n<\/div>\n\n\n\n<div class=\"wp-block-columns is-layout-flex wp-container-core-columns-is-layout-28f84493 wp-block-columns-is-layout-flex\">\n<div class=\"wp-block-column is-layout-flow wp-block-column-is-layout-flow\" style=\"flex-basis:50%\">\n<p><iframe title=\"Kristina \u017eivec sp\" src=\"https:\/\/maps.google.com\/maps?q=Kristina%20%C5%BEivec%20sp&amp;t=m&amp;z=10&amp;output=embed&amp;iwloc=near\" aria-label=\"Kristina \u017eivec sp\"><\/iframe><\/p>\n<\/div>\n\n\n\n<div class=\"wp-block-column is-layout-flow wp-block-column-is-layout-flow\" style=\"flex-basis:50%\">\n<h2 class=\"wp-block-heading\">Slovenija | Se\u017eana<\/h2>\n\n\n\n<p>Kristina \u017divec s.p.<\/p>\n\n\n\n<p>Partizanska cesta 63<br>6210 Se\u017eana<br><strong>Tel:<\/strong> 05 620 55 37<br><strong>Mob:<\/strong> 040 331 181<\/p>\n\n\n\n<p><a href=\"mailto:kristina.zivec@spinalis.org\">kristina.zivec@spinalis.org<\/a><br><a href=\"https:\/\/www.ergonomski-stol.si\/\" target=\"_blank\" rel=\"noopener\">https:\/\/www.ergonomski-stol.si\/<\/a><\/p>\n<\/div>\n<\/div>\n\n\n\n<div class=\"wp-block-columns is-layout-flex wp-container-core-columns-is-layout-28f84493 wp-block-columns-is-layout-flex\">\n<div class=\"wp-block-column is-layout-flow wp-block-column-is-layout-flow\" style=\"flex-basis:50%\">\n<p><iframe title=\"Ramsauerstra\u00dfe 10 9020 Klagenfurt\" src=\"https:\/\/maps.google.com\/maps?q=Ramsauerstra%C3%9Fe%2010%209020%20Klagenfurt&amp;t=m&amp;z=10&amp;output=embed&amp;iwloc=near\" aria-label=\"Ramsauerstra\u00dfe 10 9020 Klagenfurt\"><\/iframe><\/p>\n<\/div>\n\n\n\n<div class=\"wp-block-column is-layout-flow wp-block-column-is-layout-flow\" style=\"flex-basis:50%\">\n<h2 class=\"wp-block-heading\">AVSTRIJA | Klagenfurt<\/h2>\n\n\n\n<p>Bo\u017ei\u010d Jo\u017ee<br>Ramsauerstra\u00dfe 10<br>9020 Klagenfurt<\/p>\n\n\n\n<p><strong>Tel:<\/strong>&nbsp;+43 699 190 50608<br><strong>Fax:<\/strong>&nbsp;0463\/ 73 135<br><a href=\"mailto:erika.valter@spinalis-austria.at\">joze.bozic@spinalis-austria.at<br><\/a><a href=\"http:\/\/www.spinalis-austria.at\/\" target=\"_blank\" rel=\"noopener\">www.spinalis-austria.at<\/a><\/p>\n<\/div>\n<\/div>\n\n\n\n<div class=\"wp-block-columns is-layout-flex wp-container-core-columns-is-layout-28f84493 wp-block-columns-is-layout-flex\">\n<div class=\"wp-block-column is-layout-flow wp-block-column-is-layout-flow\" style=\"flex-basis:50%\">\n<p><iframe title=\"LIVWELL BVBA\" src=\"https:\/\/maps.google.com\/maps?q=LIVWELL%20BVBA&amp;t=m&amp;z=10&amp;output=embed&amp;iwloc=near\" aria-label=\"LIVWELL BVBA\"><\/iframe><\/p>\n<\/div>\n\n\n\n<div class=\"wp-block-column is-layout-flow wp-block-column-is-layout-flow\" style=\"flex-basis:50%\">\n<h2 class=\"wp-block-heading\">Belgija | Londerzeel<\/h2>\n\n\n\n<p>LIVWELL BV<\/p>\n\n\n\n<p>Meerstraat 59A<br>1840 Londerzeel<\/p>\n\n\n\n<p><strong>Tel:<\/strong>&nbsp;+32 3 866 25 75<br><a href=\"mailto:info@livwell.be\">info@livwell.be<br><\/a><a href=\"http:\/\/www.livwell.be\/\" target=\"_blank\" rel=\"noopener\">www.livwell.be<\/a><\/p>\n<\/div>\n<\/div>\n\n\n\n<div class=\"wp-block-columns is-layout-flex wp-container-core-columns-is-layout-28f84493 wp-block-columns-is-layout-flex\">\n<div class=\"wp-block-column is-layout-flow wp-block-column-is-layout-flow\" style=\"flex-basis:50%\">\n<p><iframe title=\"MEDEXO CZ s.r.o\" src=\"https:\/\/maps.google.com\/maps?q=MEDEXO%20CZ%20s.r.o&amp;t=m&amp;z=10&amp;output=embed&amp;iwloc=near\" aria-label=\"MEDEXO CZ s.r.o\"><\/iframe><\/p>\n<\/div>\n\n\n\n<div class=\"wp-block-column is-layout-flow wp-block-column-is-layout-flow\" style=\"flex-basis:50%\">\n<h2 class=\"wp-block-heading\">\u010ce\u0161ka | Praga<\/h2>\n\n\n\n<p>MEDEXO CZ s.r.o<\/p>\n\n\n\n<p>Korunni 2569\/108c<br>101 00 Prague 10<\/p>\n\n\n\n<p><strong>Tel:<\/strong> +420 222 540 861<br><strong>Mob:<\/strong> +420 734 312 201<\/p>\n\n\n\n<p>asistentka@zdravotni-zidle.cz<\/p>\n\n\n\n<p><a href=\"http:\/\/www.facebook.com\/SpinaliS.Czech\" target=\"_blank\" rel=\"noopener\">www.facebook.com\/SpinaliS.Czech<\/a><br><a href=\"http:\/\/www.zdravotni-zidle.cz\" target=\"_blank\" rel=\"noopener\">www.zdravotni-zidle.cz<\/a><\/p>\n<\/div>\n<\/div>\n\n\n\n<div class=\"wp-block-columns is-layout-flex wp-container-core-columns-is-layout-28f84493 wp-block-columns-is-layout-flex\">\n<div class=\"wp-block-column is-layout-flow wp-block-column-is-layout-flow\" style=\"flex-basis:50%\">\n<p><iframe title=\"ILICA 191 d 10000 Zagreb\" src=\"https:\/\/maps.google.com\/maps?q=ILICA%20191%20d%2010000%20Zagreb&amp;t=m&amp;z=10&amp;output=embed&amp;iwloc=near\" aria-label=\"ILICA 191 d 10000 Zagreb\"><\/iframe><\/p>\n<\/div>\n\n\n\n<div class=\"wp-block-column is-layout-flow wp-block-column-is-layout-flow\" style=\"flex-basis:50%\">\n<h2 class=\"wp-block-heading\">Hrva\u0161ka | Zagreb<\/h2>\n\n\n\n<p>ERGONOMIJA D.O.O.<\/p>\n\n\n\n<p>ILICA 191 d<br>10000 Zagreb<\/p>\n\n\n\n<p><strong>Tel:<\/strong> (0)95 494 87 65<br>mateja.bevc@spinalis.org<br><a href=\"http:\/\/www.zdravo-sjedenje.hr\" target=\"_blank\" rel=\"noopener\">www.zdravo-sjedenje.hr<\/a><\/p>\n<\/div>\n<\/div>\n\n\n\n<div class=\"wp-block-columns is-layout-flex wp-container-core-columns-is-layout-28f84493 wp-block-columns-is-layout-flex\">\n<div class=\"wp-block-column is-layout-flow wp-block-column-is-layout-flow\" style=\"flex-basis:50%\">\n<p><iframe title=\"3619 West 4th Avenue V6R 1P2 Vancouver, BC, CANADA\" src=\"https:\/\/maps.google.com\/maps?q=3619%20West%204th%20Avenue%20V6R%201P2%20Vancouver%2C%20BC%2C%20CANADA&amp;t=m&amp;z=10&amp;output=embed&amp;iwloc=near\" aria-label=\"3619 West 4th Avenue V6R 1P2 Vancouver, BC, CANADA\"><\/iframe><\/p>\n<\/div>\n\n\n\n<div class=\"wp-block-column is-layout-flow wp-block-column-is-layout-flow\" style=\"flex-basis:50%\">\n<h2 class=\"wp-block-heading\">Kanada | Vancouver<\/h2>\n\n\n\n<p>MEDEXO CANADA INC.<\/p>\n\n\n\n<p>3619 West 4th Avenue<br>V6R 1P2 Vancouver, BC, CANADA<br><strong>Tel:<\/strong> +1 778 266 4605<\/p>\n\n\n\n<p>info@spinalis-chairs.ca<br><a href=\"http:\/\/www.spinalis.ca\" target=\"_blank\" rel=\"noopener\">www.spinalis.ca<\/a><\/p>\n<\/div>\n<\/div>\n\n\n\n<div class=\"wp-block-columns is-layout-flex wp-container-core-columns-is-layout-28f84493 wp-block-columns-is-layout-flex\">\n<div class=\"wp-block-column is-layout-flow wp-block-column-is-layout-flow\" style=\"flex-basis:50%\">\n<p><iframe title=\"SPINALIS MAGYARORSZ\u00c1G KFT\" src=\"https:\/\/maps.google.com\/maps?q=SPINALIS%20MAGYARORSZ%C3%81G%20KFT&amp;t=m&amp;z=10&amp;output=embed&amp;iwloc=near\" aria-label=\"SPINALIS MAGYARORSZ\u00c1G KFT\"><\/iframe><\/p>\n<\/div>\n\n\n\n<div class=\"wp-block-column is-layout-flow wp-block-column-is-layout-flow\" style=\"flex-basis:50%\">\n<h2 class=\"wp-block-heading\">Mad\u017earska | Budimpe\u0161ta<\/h2>\n\n\n\n<p>SPINALIS MAGYARORSZ\u00c1G KFT<\/p>\n\n\n\n<p>Daroczi Ut 36 fsz:101<br>1113 BUDAPEST<\/p>\n\n\n\n<p><strong>Tel:<\/strong> 0036\/70-3104166<br>info@spinalisszek.hu<br><a href=\"http:\/\/www.spinalisszek.hu\" target=\"_blank\" rel=\"noopener\">www.spinalisszek.hu<\/a><\/p>\n<\/div>\n<\/div>\n\n\n\n<div class=\"wp-block-columns is-layout-flex wp-container-core-columns-is-layout-28f84493 wp-block-columns-is-layout-flex\">\n<div class=\"wp-block-column is-layout-flow wp-block-column-is-layout-flow\" style=\"flex-basis:50%\">\n<p><iframe title=\"Nedre Skoyenvei 11 0276 Oslo\" src=\"https:\/\/maps.google.com\/maps?q=Nedre%20Skoyenvei%2011%200276%20Oslo&amp;t=m&amp;z=10&amp;output=embed&amp;iwloc=near\" aria-label=\"Nedre Skoyenvei 11 0276 Oslo\"><\/iframe><\/p>\n<\/div>\n\n\n\n<div class=\"wp-block-column is-layout-flow wp-block-column-is-layout-flow\" style=\"flex-basis:50%\">\n<h2 class=\"wp-block-heading\">Norve\u0161ka | Oslo<\/h2>\n\n\n\n<p>ACTIVATE AS<\/p>\n\n\n\n<p>Nedre Sk\u00f8yenvei 11<br>0276 Oslo<\/p>\n\n\n\n<p><strong>Tel:<\/strong> +47 21 380 140<br>spinalis@spinalis.no<br><a href=\"http:\/\/www.spinalis.no\" target=\"_blank\" rel=\"noopener\">www.spinalis.no<\/a><\/p>\n<\/div>\n<\/div>\n\n\n\n<div class=\"wp-block-columns is-layout-flex wp-container-core-columns-is-layout-28f84493 wp-block-columns-is-layout-flex\">\n<div class=\"wp-block-column is-layout-flow wp-block-column-is-layout-flow\" style=\"flex-basis:50%\">\n<p><iframe title=\"Centrum Zdrowego Siedzenia \/ Medexo PL Sp. z o.o.\" src=\"https:\/\/maps.google.com\/maps?q=Centrum%20Zdrowego%20Siedzenia%20%2F%20Medexo%20PL%20Sp.%20z%20o.o.&amp;t=m&amp;z=10&amp;output=embed&amp;iwloc=near\" aria-label=\"Centrum Zdrowego Siedzenia \/ Medexo PL Sp. z o.o.\"><\/iframe><\/p>\n<\/div>\n\n\n\n<div class=\"wp-block-column is-layout-flow wp-block-column-is-layout-flow\" style=\"flex-basis:50%\">\n<h2 class=\"wp-block-heading\">Poljska | Var\u0161ava<\/h2>\n\n\n\n<p>MEDEXO PL SP. Z O.O.<\/p>\n\n\n\n<p>ul. Pu\u0142awska 228 lok. S05<br>02-670 Warszawa<\/p>\n\n\n\n<p><strong>Tel:<\/strong> +48 602 420 109<br>biuro@krzesla-zdrowotne.pl<br><a href=\"http:\/\/www.krzesla-zdrowotne.pl\" target=\"_blank\" rel=\"noopener\">www.krzesla-zdrowotne.pl<\/a><\/p>\n<\/div>\n<\/div>\n\n\n\n<div class=\"wp-block-columns is-layout-flex wp-container-core-columns-is-layout-28f84493 wp-block-columns-is-layout-flex\">\n<div class=\"wp-block-column is-layout-flow wp-block-column-is-layout-flow\" style=\"flex-basis:50%\">\n<p><iframe title=\"MEDEXO SK S.R.O.\" src=\"https:\/\/maps.google.com\/maps?q=MEDEXO%20SK%20S.R.O.&amp;t=m&amp;z=10&amp;output=embed&amp;iwloc=near\" aria-label=\"MEDEXO SK S.R.O.\"><\/iframe><\/p>\n<\/div>\n\n\n\n<div class=\"wp-block-column is-layout-flow wp-block-column-is-layout-flow\" style=\"flex-basis:50%\">\n<h2 class=\"wp-block-heading\">Slova\u0161ka | Bratislava<\/h2>\n\n\n\n<p>MEDEXO SK S.R.O.<\/p>\n\n\n\n<p>Karpatsk\u00e1 22<br>811 05 Bratislava<\/p>\n\n\n\n<p><strong>Tel:<\/strong> +421 252 621 425<br><strong>Fax:<\/strong> +421 252 621 426<br>info@spinalis-stolicky.sk<br><a href=\"http:\/\/www.spinalis-stolicky.sk\" target=\"_blank\" rel=\"noopener\">www.spinalis-stolicky.sk<\/a><\/p>\n<\/div>\n<\/div>\n","protected":false},"excerpt":{"rendered":"<p>Seznam distributerjev SpinaliS<\/p>\n","protected":false},"author":1,"featured_media":21061,"parent":0,"menu_order":0,"comment_status":"closed","ping_status":"closed","template":"","meta":{"_acf_changed":false,"footnotes":""},"class_list":["post-85","page","type-page","status-publish","has-post-thumbnail","hentry"],"acf":[],"_links":{"self":[{"href":"https:\/\/www.spinalis.com\/sl\/wp-json\/wp\/v2\/pages\/85","targetHints":{"allow":["GET"]}}],"collection":[{"href":"https:\/\/www.spinalis.com\/sl\/wp-json\/wp\/v2\/pages"}],"about":[{"href":"https:\/\/www.spinalis.com\/sl\/wp-json\/wp\/v2\/types\/page"}],"author":[{"embeddable":true,"href":"https:\/\/www.spinalis.com\/sl\/wp-json\/wp\/v2\/users\/1"}],"replies":[{"embeddable":true,"href":"https:\/\/www.spinalis.com\/sl\/wp-json\/wp\/v2\/comments?post=85"}],"version-history":[{"count":4,"href":"https:\/\/www.spinalis.com\/sl\/wp-json\/wp\/v2\/pages\/85\/revisions"}],"predecessor-version":[{"id":22109,"href":"https:\/\/www.spinalis.com\/sl\/wp-json\/wp\/v2\/pages\/85\/revisions\/22109"}],"wp:featuredmedia":[{"embeddable":true,"href":"https:\/\/www.spinalis.com\/sl\/wp-json\/wp\/v2\/media\/21061"}],"wp:attachment":[{"href":"https:\/\/www.spinalis.com\/sl\/wp-json\/wp\/v2\/media?parent=85"}],"curies":[{"name":"wp","href":"https:\/\/api.w.org\/{rel}","templated":true}]}}