{"id":81,"date":"2020-04-20T07:38:10","date_gmt":"2020-04-20T06:38:10","guid":{"rendered":"https:\/\/www.spinalis.com\/?page_id=81"},"modified":"2026-01-19T10:47:10","modified_gmt":"2026-01-19T09:47:10","slug":"kontakt","status":"publish","type":"page","link":"https:\/\/www.spinalis.com\/sl\/kontakt\/","title":{"rendered":"Kontakt"},"content":{"rendered":"\n<h2 class=\"wp-block-heading\">\u010cas je za zdravo sedenje. Kontaktirajte nas:<\/h2>\n\n\n\n<p><\/p>\n\n\n\n<div class=\"wp-block-columns is-layout-flex wp-container-core-columns-is-layout-28f84493 wp-block-columns-is-layout-flex\">\n<div class=\"wp-block-column is-layout-flow wp-block-column-is-layout-flow\">\n<div class=\"alignfull wp-block-gmap-gmap-block gmap-block-oi607ape\"><iframe src=\"https:\/\/maps.google.com\/maps?q=SpinaliS+Gerbi%C4%8Deva&amp;z=10&amp;t=roadmap&amp;output=embed\" class=\"embd-map\" title=\"SpinaliS Gerbi\u010deva\"><\/iframe><\/div>\n<\/div>\n\n\n\n<div class=\"wp-block-column is-layout-flow wp-block-column-is-layout-flow\">\n<p><strong>Ham d.o.o.<\/strong><br><a href=\"https:\/\/goo.gl\/maps\/Hu4pjBshYy5k1r8V8\" target=\"_blank\" rel=\"nofollow noopener\">Gerbi\u010deva ulica 102&nbsp;<\/a><br>Ljubljana<\/p>\n\n\n\n<p><strong>Salon: <\/strong><a href=\"tel:+38651677810\">+386 51 677 810<\/a><br><strong>Salon: <\/strong><a href=\"tel:+38631621429\">+386 31 621 429<\/a><\/p>\n\n\n\n<p><strong>Servis:<\/strong> <a href=\"tel:+38640844449\">+386 40 844 449<\/a><\/p>\n\n\n\n<p><strong>E-po\u0161ta:<\/strong>&nbsp;<a href=\"mailto:info@spinalis.si\">info@spinalis.si<\/a><\/p>\n\n\n\n<p><strong>Delovni \u010das:<\/strong><\/p>\n\n\n\n<p><strong>Salon:<\/strong><br>Ponedeljek, sreda in petek: 8:00-16:00<br>torek in \u010detrtek: 8:00-18:00\u00a0<\/p>\n\n\n\n<p><strong>Servis:<\/strong> <br>Ponedeljek - petek: 7:00-15:00<\/p>\n<\/div>\n<\/div>\n","protected":false},"excerpt":{"rendered":"<p>\u010cas je za zdravo sedenje. Kontaktirajte nas: Ham d.o.o.Gerbi\u010deva ulica 102&nbsp;Ljubljana Salon: +386 51 677 810Salon: +386 31 621 429 Servis: +386 40 844 449 E-po\u0161ta:&nbsp;info@spinalis.si Delovni \u010das: Salon:Ponedeljek, sreda in petek: 8:00-16:00torek in \u010detrtek: 8:00-18:00\u00a0 Servis: Ponedeljek - petek: 7:00-15:00<\/p>\n","protected":false},"author":1,"featured_media":406,"parent":0,"menu_order":0,"comment_status":"closed","ping_status":"closed","template":"","meta":{"_acf_changed":false,"footnotes":""},"class_list":["post-81","page","type-page","status-publish","has-post-thumbnail","hentry"],"acf":[],"_links":{"self":[{"href":"https:\/\/www.spinalis.com\/sl\/wp-json\/wp\/v2\/pages\/81","targetHints":{"allow":["GET"]}}],"collection":[{"href":"https:\/\/www.spinalis.com\/sl\/wp-json\/wp\/v2\/pages"}],"about":[{"href":"https:\/\/www.spinalis.com\/sl\/wp-json\/wp\/v2\/types\/page"}],"author":[{"embeddable":true,"href":"https:\/\/www.spinalis.com\/sl\/wp-json\/wp\/v2\/users\/1"}],"replies":[{"embeddable":true,"href":"https:\/\/www.spinalis.com\/sl\/wp-json\/wp\/v2\/comments?post=81"}],"version-history":[{"count":1,"href":"https:\/\/www.spinalis.com\/sl\/wp-json\/wp\/v2\/pages\/81\/revisions"}],"predecessor-version":[{"id":20042,"href":"https:\/\/www.spinalis.com\/sl\/wp-json\/wp\/v2\/pages\/81\/revisions\/20042"}],"wp:featuredmedia":[{"embeddable":true,"href":"https:\/\/www.spinalis.com\/sl\/wp-json\/wp\/v2\/media\/406"}],"wp:attachment":[{"href":"https:\/\/www.spinalis.com\/sl\/wp-json\/wp\/v2\/media?parent=81"}],"curies":[{"name":"wp","href":"https:\/\/api.w.org\/{rel}","templated":true}]}}