{"id":2269,"date":"2020-10-13T14:53:41","date_gmt":"2020-10-13T13:53:41","guid":{"rendered":"https:\/\/www.spinalis.com\/?page_id=2269"},"modified":"2026-02-11T15:34:07","modified_gmt":"2026-02-11T14:34:07","slug":"otroski-pisarniski-stoli-spinalis","status":"publish","type":"page","link":"https:\/\/www.spinalis.com\/sl\/otroski-pisarniski-stoli-spinalis\/","title":{"rendered":"Za hrbtenice, ki \u0161e rastejo"},"content":{"rendered":"\n<p class=\"has-text-align-center is-style-poudarek\">Aktivno sedenje na stolih SpinaliS, je odli\u010den preventivni na\u010din za ohranjanje zdrave hrbtenice.<\/p>\n\n\n\n<div class=\"wp-block-group alignfull has-2-background-color has-background is-layout-constrained wp-block-group-is-layout-constrained\">\n<div class=\"wp-block-columns alignwide are-vertically-aligned-center is-layout-flex wp-container-core-columns-is-layout-28f84493 wp-block-columns-is-layout-flex\">\n<div class=\"wp-block-column is-vertically-aligned-center is-layout-flow wp-block-column-is-layout-flow\">\n<figure class=\"wp-block-image\"><img decoding=\"async\" src=\"https:\/\/www.spinalis.com\/wp-content\/uploads\/spinalis-otroski-sola-1024x752.jpg\" alt=\"Otro\u0161ki pisarni\u0161ki stol Spinalis\"\/><\/figure>\n<\/div>\n\n\n\n<div class=\"wp-block-column is-vertically-aligned-center is-layout-flow wp-block-column-is-layout-flow\">\n<h2 class=\"wp-block-heading\">Hrbtenici prijazna \u0161ola<\/h2>\n\n\n\n<p>Z eno od ljubljanskih \u0161ol smo izpeljali projekt \u00bbHrbtenici prijazna \u0161ola\u00ab. Spremljali smo dva razreda. Prvi je bil opremljen z obi\u010dajnimi \u0161olskimi stoli, drugi pa<a href=\"https:\/\/www.spinalis.com\/pisarniski-stoli\/spinalis-basic\/\"> z otro\u0161kimi stoli SpinaliS<\/a>, ki smo jih priredili za sedenje in delo v \u0161oli.<\/p>\n\n\n\n<p>Fizioterapevti in ortopedi so otrokom vsako leto preverjali dr\u017eo, mo\u010d hrbtnih mi\u0161ic in splo\u0161no stanje hrbtenice. S pomo\u010djo videoposnetkov pa je univ.dipl.psih. spremljala koncentracijo pri \u0161olskem delu.<\/p>\n\n\n\n<p>Po petletni primerjavi obeh razredov so bile razlike \u017ee o\u010ditne; razvitost hrbtnih in trebu\u0161nih mi\u0161ic, bolj\u0161a dr\u017ea in manj otrok s prekomerno te\u017eo so bile zna\u010dilnost razreda s stoli SpinaliS. Dosedanji rezultati ka\u017eejo, da tudi otroci pri delu sede potrebujejo aktivno sedenje.<\/p>\n\n\n\n<div class=\"wp-block-buttons is-layout-flex wp-block-buttons-is-layout-flex\">\n<div class=\"wp-block-button\"><a class=\"wp-block-button__link wp-element-button\" href=\"https:\/\/www.spinalis.com\/vse-o-sedenju\/raziskava-sedenje-na-stolu-spinalis-v-soli-2006-2011\/\">Preberite ve\u010d<\/a><\/div>\n<\/div>\n<\/div>\n<\/div>\n<\/div>\n\n\n\n<p class=\"has-text-align-center is-style-poudarek\">Otrokom se zdijo stoli SpinaliS tako zabavni kot vo\u017enja v zabavi\u0161\u010dnem parku, vendar so tu \u0161e mo\u010dni pozitivni u\u010dinki na zdravje in dr\u017eo.<\/p>\n\n\n\n<div class=\"wp-block-group alignfull has-2-background-color has-background is-layout-constrained wp-block-group-is-layout-constrained\">\n<div class=\"wp-block-columns alignwide is-layout-flex wp-container-core-columns-is-layout-28f84493 wp-block-columns-is-layout-flex\">\n<div class=\"wp-block-column is-layout-flow wp-block-column-is-layout-flow\">\n<figure class=\"wp-block-gallery has-nested-images columns-default is-cropped is-style-faq wp-block-gallery-1 is-layout-flex wp-block-gallery-is-layout-flex\">\n<figure class=\"wp-block-image size-large\"><img loading=\"lazy\" decoding=\"async\" width=\"1024\" height=\"644\" data-id=\"2301\" src=\"https:\/\/www.spinalis.com\/wp-content\/uploads\/gimnastika-miza-1024x644.jpg\" alt=\"Deklica na pisarni\u0161kem stolu za pisalno mizo\" class=\"wp-image-2301\" srcset=\"https:\/\/www.spinalis.com\/wp-content\/uploads\/gimnastika-miza-1024x644.jpg 1024w, https:\/\/www.spinalis.com\/wp-content\/uploads\/gimnastika-miza-160x101.jpg 160w, https:\/\/www.spinalis.com\/wp-content\/uploads\/gimnastika-miza-300x189.jpg 300w, https:\/\/www.spinalis.com\/wp-content\/uploads\/gimnastika-miza-600x377.jpg 600w, https:\/\/www.spinalis.com\/wp-content\/uploads\/gimnastika-miza-280x176.jpg 280w, https:\/\/www.spinalis.com\/wp-content\/uploads\/gimnastika-miza-768x483.jpg 768w, https:\/\/www.spinalis.com\/wp-content\/uploads\/gimnastika-miza-1536x966.jpg 1536w, https:\/\/www.spinalis.com\/wp-content\/uploads\/gimnastika-miza.jpg 1909w\" sizes=\"auto, (max-width: 1024px) 100vw, 1024px\" \/><\/figure>\n\n\n\n<figure class=\"wp-block-image size-large\"><img loading=\"lazy\" decoding=\"async\" width=\"1024\" height=\"683\" data-id=\"3833\" src=\"https:\/\/www.spinalis.com\/wp-content\/uploads\/spinalis-otroci-doma-2-1024x683.jpg\" alt=\"brezpla\u010dni preizkus\" class=\"wp-image-3833\" srcset=\"https:\/\/www.spinalis.com\/wp-content\/uploads\/spinalis-otroci-doma-2-1024x683.jpg 1024w, https:\/\/www.spinalis.com\/wp-content\/uploads\/spinalis-otroci-doma-2-160x107.jpg 160w, https:\/\/www.spinalis.com\/wp-content\/uploads\/spinalis-otroci-doma-2-300x200.jpg 300w, https:\/\/www.spinalis.com\/wp-content\/uploads\/spinalis-otroci-doma-2-600x400.jpg 600w, https:\/\/www.spinalis.com\/wp-content\/uploads\/spinalis-otroci-doma-2-280x187.jpg 280w, https:\/\/www.spinalis.com\/wp-content\/uploads\/spinalis-otroci-doma-2-768x513.jpg 768w, https:\/\/www.spinalis.com\/wp-content\/uploads\/spinalis-otroci-doma-2-1536x1025.jpg 1536w, https:\/\/www.spinalis.com\/wp-content\/uploads\/spinalis-otroci-doma-2.jpg 1798w\" sizes=\"auto, (max-width: 1024px) 100vw, 1024px\" \/><\/figure>\n\n\n\n<figure class=\"wp-block-image size-large\"><img loading=\"lazy\" decoding=\"async\" width=\"1024\" height=\"623\" data-id=\"2302\" src=\"https:\/\/www.spinalis.com\/wp-content\/uploads\/basic-gala2-1024x623.jpg\" alt=\"Ku\u017ea na belem pisarni\u0161kem stolu Basic\" class=\"wp-image-2302\" srcset=\"https:\/\/www.spinalis.com\/wp-content\/uploads\/basic-gala2-1024x623.jpg 1024w, https:\/\/www.spinalis.com\/wp-content\/uploads\/basic-gala2-160x97.jpg 160w, https:\/\/www.spinalis.com\/wp-content\/uploads\/basic-gala2-300x183.jpg 300w, https:\/\/www.spinalis.com\/wp-content\/uploads\/basic-gala2-600x365.jpg 600w, https:\/\/www.spinalis.com\/wp-content\/uploads\/basic-gala2-280x170.jpg 280w, https:\/\/www.spinalis.com\/wp-content\/uploads\/basic-gala2-768x467.jpg 768w, https:\/\/www.spinalis.com\/wp-content\/uploads\/basic-gala2-1536x935.jpg 1536w, https:\/\/www.spinalis.com\/wp-content\/uploads\/basic-gala2.jpg 1972w\" sizes=\"auto, (max-width: 1024px) 100vw, 1024px\" \/><\/figure>\n<\/figure>\n<\/div>\n\n\n\n<div class=\"wp-block-column is-layout-flow wp-block-column-is-layout-flow\">\n<h2 class=\"wp-block-heading\">Sedenje na SpinaliS stolu\u2026<\/h2>\n\n\n<div id=\"rank-math-faq\" class=\"rank-math-block is-style-accordion\">\n<div class=\"rank-math-list \">\n<div id=\"faq-question-1752154476940\" class=\"rank-math-list-item\">\n<h3 class=\"rank-math-question \">\u2026vzpodbuja vzravnano dr\u017eo.<\/h3>\n<div class=\"rank-math-answer \">\n\n<p>Pisalni stol SpinaliS z gibljivim sede\u017eem omogo\u010da pravilno dr\u017eo brez napora, prav tako pa zadovolji otrokovo potrebo po gibanju tudi med pisanjem doma\u010de naloge ali kateri drugi sede\u010di aktivnosti.<\/p>\n\n<\/div>\n<\/div>\n<div id=\"faq-question-1752154492057\" class=\"rank-math-list-item\">\n<h3 class=\"rank-math-question \">\u2026raste z otrokom.<\/h3>\n<div class=\"rank-math-answer \">\n\n<p>Pisalni stol SpinaliS Basic je s svojim po vi\u0161ini nastavljivim sede\u017eem in obro\u010dem za stopala primeren \u017ee za prvo\u0161ol\u010dke. Ker pisalni stol lahko prilagodimo po vi\u0161ini, bo rastel z otrokom in ostal njegov nepogre\u0161ljiv prijatelj skozi celotno obdobje odra\u0161\u010danja.<\/p>\n\n<\/div>\n<\/div>\n<div id=\"faq-question-1752154507078\" class=\"rank-math-list-item\">\n<h3 class=\"rank-math-question \">\u2026je zabavno.<\/h3>\n<div class=\"rank-math-answer \">\n\n<p>Pisalni stoli SpinaliS so oblikovani tako, da spodbujajo nenehno gibanje, kar otroku dopu\u0161\u010da, da se premika in preseda na na\u010din, ki je nemote\u010d, prostoro\u010den in u\u010dinkovit, hkrati pa tudi zabaven.<\/p>\n\n<\/div>\n<\/div>\n<\/div>\n<\/div><\/div>\n<\/div>\n<\/div>\n\n\n\n<p class=\"has-text-align-center is-style-poudarek\">V otro\u0161tvu slabo oblikovana hrbtenica bo povzro\u010dala te\u017eave v odraslem obdobju.<\/p>\n\n\n\n<div class=\"wp-block-group alignfull has-2-background-color has-background is-layout-constrained wp-block-group-is-layout-constrained\">\n<div class=\"wp-block-columns alignwide are-vertically-aligned-center is-layout-flex wp-container-core-columns-is-layout-28f84493 wp-block-columns-is-layout-flex\">\n<div class=\"wp-block-column is-vertically-aligned-center is-layout-flow wp-block-column-is-layout-flow\">\n<h2 class=\"wp-block-heading\">Ivica Flis Smaka, dr. med.<\/h2>\n\n\n\n<h4 class=\"wp-block-heading\">specialistka fizikalne in rehabilitacijske medicine<\/h4>\n\n\n\n<p>Prva leta so klju\u010dna za zdravo hrbtenico, zlasti v obdobju pospe\u0161ene rasti med 6. in 12. letom starosti. Nepravilna dr\u017ea v zgodnjem otro\u0161tvu in nato v puberteti (naj bo to v \u0161oli ali pred TV zaslonom), prete\u017eke \u0161olske torbe, nepravilna prehrana in pomanjkanje fizi\u010dne dejavnosti lahko slabo vplivajo na ustroj in razvoj mi\u0161i\u010dno-skeletnega sistema. V \u0161olskih letih slabo oblikovana hrbtenica bo povzro\u010dala te\u017eave v zrelem obdobju.<\/p>\n\n\n\n<div class=\"wp-block-buttons is-layout-flex wp-block-buttons-is-layout-flex\">\n<div class=\"wp-block-button\"><a class=\"wp-block-button__link wp-element-button\" href=\"https:\/\/www.spinalis.com\/category\/mnenja\/zdravniska-mnenja\/\">Ve\u010d mnenj strokovnjakov<\/a><\/div>\n<\/div>\n<\/div>\n\n\n\n<div class=\"wp-block-column is-vertically-aligned-center is-layout-flow wp-block-column-is-layout-flow\">\n<figure class=\"wp-block-image size-large\"><img loading=\"lazy\" decoding=\"async\" width=\"1024\" height=\"755\" src=\"https:\/\/www.spinalis.com\/wp-content\/uploads\/n-p-basic-1024x755.jpg\" alt=\"Otroka na otro\u0161kih pisarni\u0161kih stolih\" class=\"wp-image-3844\" srcset=\"https:\/\/www.spinalis.com\/wp-content\/uploads\/n-p-basic-1024x755.jpg 1024w, https:\/\/www.spinalis.com\/wp-content\/uploads\/n-p-basic-160x118.jpg 160w, https:\/\/www.spinalis.com\/wp-content\/uploads\/n-p-basic-600x443.jpg 600w, https:\/\/www.spinalis.com\/wp-content\/uploads\/n-p-basic-768x567.jpg 768w, https:\/\/www.spinalis.com\/wp-content\/uploads\/n-p-basic-1536x1133.jpg 1536w, https:\/\/www.spinalis.com\/wp-content\/uploads\/n-p-basic-2048x1511.jpg 2048w, https:\/\/www.spinalis.com\/wp-content\/uploads\/n-p-basic-300x221.jpg 300w\" sizes=\"auto, (max-width: 1024px) 100vw, 1024px\" \/><\/figure>\n<\/div>\n<\/div>\n<\/div>\n\n\n\n<p class=\"has-text-align-center is-style-poudarek\">Obdobje odra\u0161\u010danja je zelo pomembno za razvoj dr\u017ee.<\/p>\n\n\n\n<div class=\"wp-block-group alignfull has-2-background-color has-background is-layout-constrained wp-block-group-is-layout-constrained\">\n<div class=\"wp-block-columns alignwide is-layout-flex wp-container-core-columns-is-layout-28f84493 wp-block-columns-is-layout-flex\">\n<div class=\"wp-block-column is-layout-flow wp-block-column-is-layout-flow\">\n<figure class=\"wp-block-image\"><img decoding=\"async\" src=\"https:\/\/www.spinalis.com\/wp-content\/uploads\/foto-desktop-2-34-2500-1-1024x673.jpg\" alt=\"Deklica telovadi na belem pisarni\u0161kem stolu\"\/><\/figure>\n<\/div>\n\n\n\n<div class=\"wp-block-column is-layout-flow wp-block-column-is-layout-flow\">\n<h2 class=\"wp-block-heading\">prof. dr. sci. Janko Popovi\u010d, ortoped<\/h2>\n\n\n\n<h4 class=\"wp-block-heading\">Slabo dr\u017eo se da popraviti.<\/h4>\n\n\n\n<p>Obdobje odra\u0161\u010danja je zelo pomembno za razvoj pravilne dr\u017ee. V tem \u010dasu se lahko zaradi razli\u010dnih vplivov okolja (dolgotrajno sedenje, no\u0161enje prete\u017ekih torb v eni roki, sklanjanje nad pisalno mizo ipd.) razvijejo neustrezni refleksi dr\u017ee, ki ostanejo trajni. Otrok s slabo dr\u017eo odraste v \u010dloveka s slabo dr\u017eo. Kasneje se giba in ohranja ravnote\u017eje ter opravlja svoj poklic z ve\u010djim mi\u0161i\u010dnim naporom. Vse na\u0161teto se ka\u017ee v hitrej\u0161i utrujenosti, manj\u0161i produktivnosti ter v hitrej\u0161em staranju tkiva.<\/p>\n\n\n\n<p>K sre\u010di je nepravilna dr\u017ea pogosto posledica nezadostnega in nepravilnega delovanja mi\u0161ic, ki se dajo hote, z voljo in disciplino popolnoma popraviti (za razliko od deformacij in drugih po\u0161kodb).<\/p>\n\n\n\n<p>Ideja stola s premikajo\u010dim sede\u017eem se mi zdi ena izmed pomembnih stvari za prepre\u010devanje slabe dr\u017ee in s tem tudi za prepre\u010devanje degeneracije diskusa. Stol SpinaliS vsekakor priporo\u010dam \u017ee v \u0161olski dobi, saj omogo\u010da aktivno sedenje in krepi mi\u0161ice, hkrati pa otrokom omogo\u010da svobodo gibanja.<\/p>\n\n\n\n<div class=\"wp-block-buttons is-layout-flex wp-block-buttons-is-layout-flex\">\n<div class=\"wp-block-button\"><a class=\"wp-block-button__link wp-element-button\" href=\"https:\/\/www.spinalis.com\/category\/mnenja\/zdravniska-mnenja\/\">Ve\u010d mnenj strokovnjakov<\/a><\/div>\n<\/div>\n<\/div>\n<\/div>\n<\/div>\n\n\n\n<p class=\"has-text-align-center is-style-poudarek\">Otroci, ki sedijo na Spinails stolu dlje \u010dasa ostanejo zbrani in se na \u0161olsko delo za pisalno mizo hitreje privadijo.<\/p>\n\n\n\n<div class=\"wp-block-group alignfull has-2-background-color has-background is-layout-constrained wp-block-group-is-layout-constrained\">\n<div class=\"wp-block-columns alignwide are-vertically-aligned-center is-layout-flex wp-container-core-columns-is-layout-28f84493 wp-block-columns-is-layout-flex\">\n<div class=\"wp-block-column is-vertically-aligned-center is-layout-flow wp-block-column-is-layout-flow\">\n<h2 class=\"wp-block-heading\">Tina Rutar Leban<\/h2>\n\n\n\n<h4 class=\"wp-block-heading\">psihologinja, Pedago\u0161ki in\u0161titut, Ljubljana<\/h4>\n\n\n\n<p>SpinaliS nudi otrokom mo\u017enost druga\u010dnega, bolj zanimivega gibanja, kot so ga vajeni pri sedenju na obi\u010dajnih stolih. Hkrati jim ponuja tudi mo\u017enost bolj zabavnega prehoda od igre k resnemu \u0161olskemu delu. Menim, da ima Spinalis \u0161tevilne pozitivne vplive na telesno dr\u017eo, poleg tega pa tudi s psiholo\u0161kega vidika veliko pripomore k la\u017ejemu delu v \u0161oli in k ve\u010dji zbranosti pri u\u010denju. Projekt Hrbtenici prijazna \u0161ola popolnoma podpiram in dr\u017eim pesti, da bo s\u010dasoma vanj vklju\u010denih vse ve\u010d \u0161ol in vse ve\u010d otrok.<\/p>\n<\/div>\n\n\n\n<div class=\"wp-block-column is-vertically-aligned-center is-layout-flow wp-block-column-is-layout-flow\">\n<figure class=\"wp-block-embed is-type-video is-provider-youtube wp-block-embed-youtube wp-embed-aspect-4-3 wp-has-aspect-ratio\"><div class=\"wp-block-embed__wrapper\">\n<iframe loading=\"lazy\" title=\"Primary school bought SpinaliS chairs\" width=\"500\" height=\"375\" src=\"https:\/\/www.youtube.com\/embed\/MkXmLxS_R7A?feature=oembed\" frameborder=\"0\" allow=\"accelerometer; autoplay; clipboard-write; encrypted-media; gyroscope; picture-in-picture; web-share\" referrerpolicy=\"strict-origin-when-cross-origin\" allowfullscreen><\/iframe>\n<\/div><\/figure>\n<\/div>\n<\/div>\n<\/div>\n\n\n\n<p class=\"has-text-align-center is-style-poudarek\">Prehod od igre k delu<\/p>\n\n\n\n<div class=\"wp-block-group alignfull has-2-background-color has-background is-layout-constrained wp-block-group-is-layout-constrained\">\n<div class=\"wp-block-columns alignwide are-vertically-aligned-center is-layout-flex wp-container-core-columns-is-layout-28f84493 wp-block-columns-is-layout-flex\">\n<div class=\"wp-block-column is-vertically-aligned-center is-layout-flow wp-block-column-is-layout-flow\">\n<figure class=\"wp-block-image size-large\"><img loading=\"lazy\" decoding=\"async\" width=\"1024\" height=\"683\" src=\"https:\/\/www.spinalis.com\/wp-content\/uploads\/basic-rumen-1024x683.jpg\" alt=\"Rumen pisarni\u0161ki stol Basic\" class=\"wp-image-3870\" srcset=\"https:\/\/www.spinalis.com\/wp-content\/uploads\/basic-rumen-1024x683.jpg 1024w, https:\/\/www.spinalis.com\/wp-content\/uploads\/basic-rumen-160x107.jpg 160w, https:\/\/www.spinalis.com\/wp-content\/uploads\/basic-rumen-300x200.jpg 300w, https:\/\/www.spinalis.com\/wp-content\/uploads\/basic-rumen-600x400.jpg 600w, https:\/\/www.spinalis.com\/wp-content\/uploads\/basic-rumen-280x187.jpg 280w, https:\/\/www.spinalis.com\/wp-content\/uploads\/basic-rumen-768x512.jpg 768w, https:\/\/www.spinalis.com\/wp-content\/uploads\/basic-rumen-1536x1024.jpg 1536w, https:\/\/www.spinalis.com\/wp-content\/uploads\/basic-rumen.jpg 1800w\" sizes=\"auto, (max-width: 1024px) 100vw, 1024px\" \/><\/figure>\n<\/div>\n\n\n\n<div class=\"wp-block-column is-vertically-aligned-center is-layout-flow wp-block-column-is-layout-flow\">\n<h2 class=\"wp-block-heading\">Ujemite odlo\u010dilna leta za zdravo hrbtenico<\/h2>\n\n\n\n<p>Pisarni\u0161ki stol SpinaliS Basic je idealen za otroke, saj z dodanim obro\u010dem za noge omogo\u010da optimalno sedenje tako med igro kot doma\u010dimi nalogami, in s prilagodljivim naslonom ter ro\u010dkami za roke raste z otrokom. Tako bo va\u0161 otrok svoj pisalni stol SpinaliS Basic lahko uporabljal \u0161e skozi celo mladost.<\/p>\n\n\n\n<div class=\"wp-block-buttons is-layout-flex wp-block-buttons-is-layout-flex\">\n<div class=\"wp-block-button\"><a class=\"wp-block-button__link wp-element-button\" href=\"https:\/\/www.spinalis.com\/pisarniski-stoli\/spinalis-basic\/\">Spoznajte spinaliS Basic<\/a><\/div>\n<\/div>\n<\/div>\n<\/div>\n<\/div>\n\n\n\n<p class=\"has-text-align-center is-style-poudarek\">Nalo\u017eba, ki je ne boste nikoli ob\u017ealovali<\/p>\n","protected":false},"excerpt":{"rendered":"<p>Omogo\u010dite svojemu otroku zdrav razvoj hrbtenice.<\/p>\n","protected":false},"author":1,"featured_media":21050,"parent":0,"menu_order":0,"comment_status":"closed","ping_status":"closed","template":"","meta":{"_acf_changed":false,"footnotes":""},"class_list":["post-2269","page","type-page","status-publish","has-post-thumbnail","hentry"],"acf":[],"_links":{"self":[{"href":"https:\/\/www.spinalis.com\/sl\/wp-json\/wp\/v2\/pages\/2269","targetHints":{"allow":["GET"]}}],"collection":[{"href":"https:\/\/www.spinalis.com\/sl\/wp-json\/wp\/v2\/pages"}],"about":[{"href":"https:\/\/www.spinalis.com\/sl\/wp-json\/wp\/v2\/types\/page"}],"author":[{"embeddable":true,"href":"https:\/\/www.spinalis.com\/sl\/wp-json\/wp\/v2\/users\/1"}],"replies":[{"embeddable":true,"href":"https:\/\/www.spinalis.com\/sl\/wp-json\/wp\/v2\/comments?post=2269"}],"version-history":[{"count":1,"href":"https:\/\/www.spinalis.com\/sl\/wp-json\/wp\/v2\/pages\/2269\/revisions"}],"predecessor-version":[{"id":20397,"href":"https:\/\/www.spinalis.com\/sl\/wp-json\/wp\/v2\/pages\/2269\/revisions\/20397"}],"wp:featuredmedia":[{"embeddable":true,"href":"https:\/\/www.spinalis.com\/sl\/wp-json\/wp\/v2\/media\/21050"}],"wp:attachment":[{"href":"https:\/\/www.spinalis.com\/sl\/wp-json\/wp\/v2\/media?parent=2269"}],"curies":[{"name":"wp","href":"https:\/\/api.w.org\/{rel}","templated":true}]}}