{"id":1272,"date":"2020-05-28T10:52:09","date_gmt":"2020-05-28T09:52:09","guid":{"rendered":"https:\/\/www.spinalis.com\/?page_id=1272"},"modified":"2026-01-19T10:46:45","modified_gmt":"2026-01-19T09:46:45","slug":"certifikati-in-nagrade","status":"publish","type":"page","link":"https:\/\/www.spinalis.com\/sl\/certifikati-in-nagrade\/","title":{"rendered":"Certifikati in nagrade"},"content":{"rendered":"\n<h2 class=\"wp-block-heading\">Certifikati<\/h2>\n\n\n\n<figure class=\"wp-block-gallery alignwide has-nested-images columns-default is-cropped wp-block-gallery-1 is-layout-flex wp-block-gallery-is-layout-flex\">\n<figure class=\"wp-block-image gallery-item\"><a href=\"https:\/\/www.spinalis.com\/wp-content\/uploads\/jaz-mp.jpg\"><img decoding=\"async\" src=\"https:\/\/www.spinalis.com\/wp-content\/uploads\/jaz-mp-600x425.jpg\" alt=\"\"\/><\/a><figcaption class=\"wp-element-caption\">Odlo\u010dba JAZMP: SpinaliS kot medicinski pripomo\u010dek<\/figcaption><\/figure>\n\n\n\n<figure class=\"wp-block-image gallery-item\"><a href=\"https:\/\/www.spinalis.com\/wp-content\/uploads\/2025-spinalis-certificate-of-conformity-en-1335-1.jpg\"><img decoding=\"async\" src=\"https:\/\/www.spinalis.com\/wp-content\/uploads\/2025-spinalis-certificate-of-conformity-en-1335-1.jpg\" alt=\"Certifikat\"\/><\/a><figcaption class=\"wp-element-caption\">Potrdilo o skladnosti SpinaliS stolov z evropskimi standardi o pisarni\u0161kem pohi\u0161tvu CE<\/figcaption><\/figure>\n\n\n\n<figure class=\"wp-block-image gallery-item\"><a href=\"https:\/\/www.spinalis.com\/wp-content\/uploads\/izjava-o-skladnosti-es.jpg\"><img decoding=\"async\" src=\"https:\/\/www.spinalis.com\/wp-content\/uploads\/izjava-o-skladnosti-es.jpg\" alt=\"Certifikat\"\/><\/a><figcaption class=\"wp-element-caption\">Izjava o skladnosti ES<\/figcaption><\/figure>\n\n\n\n<figure class=\"wp-block-image gallery-item\"><a href=\"https:\/\/www.spinalis.com\/wp-content\/uploads\/kakovost-meroslovje.jpg\"><img decoding=\"async\" src=\"https:\/\/www.spinalis.com\/wp-content\/uploads\/kakovost-meroslovje.jpg\" alt=\"Certifikat\"\/><\/a><figcaption class=\"wp-element-caption\">Kvaliteto stolov SpinaliS so potrdili tudi na slovenskem institutu za kakovost in meroslovje<\/figcaption><\/figure>\n\n\n\n<figure class=\"wp-block-image gallery-item\"><a href=\"https:\/\/www.spinalis.com\/wp-content\/uploads\/medicinski-pripomocek-slovaska.jpg\"><img decoding=\"async\" src=\"https:\/\/www.spinalis.com\/wp-content\/uploads\/medicinski-pripomocek-slovaska.jpg\" alt=\"Certifikat\"\/><\/a><figcaption class=\"wp-element-caption\">Medicinski pripomo\u010dek tudi na Slova\u0161kem<\/figcaption><\/figure>\n\n\n\n<figure class=\"wp-block-image gallery-item\"><a href=\"https:\/\/www.spinalis.com\/wp-content\/uploads\/tuv-certifikat.jpg\"><img decoding=\"async\" src=\"https:\/\/www.spinalis.com\/wp-content\/uploads\/tuv-certifikat.jpg\" alt=\"Certifikat\"\/><\/a><figcaption class=\"wp-element-caption\">Stoli SpinaliS so potrditev kvalitete prejeli TUV certifikat<\/figcaption><\/figure>\n\n\n\n<figure class=\"wp-block-image gallery-item\"><a href=\"https:\/\/www.spinalis.com\/wp-content\/uploads\/uza-belgija.jpg\"><img decoding=\"async\" src=\"https:\/\/www.spinalis.com\/wp-content\/uploads\/uza-belgija.jpg\" alt=\"Certifikat\"\/><\/a><figcaption class=\"wp-element-caption\">Certifikat UZA Belgija<\/figcaption><\/figure>\n\n\n\n<figure class=\"wp-block-image gallery-item\"><a href=\"https:\/\/www.spinalis.com\/wp-content\/uploads\/screenshot-2024-09-19-at-145906.jpg\"><img decoding=\"async\" src=\"https:\/\/www.spinalis.com\/wp-content\/uploads\/screenshot-2024-09-19-at-145906.jpg\" alt=\"Certifikat Excellent SME Slovenia\"\/><\/a><figcaption class=\"wp-element-caption\">Certifikat Excellent SME Slovenia<\/figcaption><\/figure>\n<\/figure>\n\n\n\n<h2 class=\"wp-block-heading\">Nagrade<\/h2>\n\n\n\n<p>Stoli SpinaliS so prejeli \u0161tevilne mednarodne nagrade, pohvale strokovnih \u017eirij v petih dr\u017eavah, \u010dasopis The Independent pa jih je razglasil za \"najbolj\u0161i nakup\". Stol SpinaliS je pripeljal tudi do Guinnessovega svetovnega rekorda (radijski voditelj je najdalj\u0161o radijsko oddajo v zgodovini ve\u010d dni vodil s stola SpinaliS).<\/p>\n\n\n\n<figure class=\"wp-block-gallery alignwide has-nested-images columns-default is-cropped wp-block-gallery-2 is-layout-flex wp-block-gallery-is-layout-flex\">\n<figure class=\"wp-block-image gallery-item\"><a href=\"https:\/\/www.spinalis.com\/wp-content\/uploads\/zlata-plaketa-arca-2013.jpg\"><img decoding=\"async\" src=\"https:\/\/www.spinalis.com\/wp-content\/uploads\/zlata-plaketa-arca-2013.jpg\" alt=\"Zlata Plaketa\"\/><\/a><figcaption class=\"wp-element-caption\">Zlata plaketa na 11. Mednarodnem sejmu inovacij ARCA 2013<\/figcaption><\/figure>\n\n\n\n<figure class=\"wp-block-image gallery-item\"><a href=\"https:\/\/www.spinalis.com\/wp-content\/uploads\/podjetniski-vzor-2010.jpg\"><img decoding=\"async\" src=\"https:\/\/www.spinalis.com\/wp-content\/uploads\/podjetniski-vzor-2010.jpg\" alt=\"Priznanje\"\/><\/a><figcaption class=\"wp-element-caption\">Podjetni\u0161ki vzor 2010<\/figcaption><\/figure>\n\n\n\n<figure class=\"wp-block-image gallery-item\"><a href=\"https:\/\/www.spinalis.com\/wp-content\/uploads\/pragointerier-cz.jpg\"><img decoding=\"async\" src=\"https:\/\/www.spinalis.com\/wp-content\/uploads\/pragointerier-cz.jpg\" alt=\"Nagrada\"\/><\/a><figcaption class=\"wp-element-caption\">Zlata nagrada za SpinaliS pilot na sejmu REHAPROTEX \u2013 Brno<\/figcaption><\/figure>\n\n\n\n<figure class=\"wp-block-image gallery-item\"><a href=\"https:\/\/www.spinalis.com\/wp-content\/uploads\/sq.jpg\"><img decoding=\"async\" src=\"https:\/\/www.spinalis.com\/wp-content\/uploads\/sq.jpg\" alt=\"Certifikat Slovenska kakovost\"\/><\/a><figcaption class=\"wp-element-caption\">Znak SQ (slovenska kakovost) z mednarodnim preizkusom<\/figcaption><\/figure>\n\n\n\n<figure class=\"wp-block-image gallery-item\"><a href=\"https:\/\/www.spinalis.com\/wp-content\/uploads\/moddom-2007.jpg\"><img decoding=\"async\" src=\"https:\/\/www.spinalis.com\/wp-content\/uploads\/moddom-2007.jpg\" alt=\"Nagrada\"\/><\/a><figcaption class=\"wp-element-caption\">Nagrada na sejmu MODDOM \u2013 Bratislava<\/figcaption><\/figure>\n\n\n\n<figure class=\"wp-block-image gallery-item\"><a href=\"https:\/\/www.spinalis.com\/wp-content\/uploads\/rehaprotex-2004.jpg\"><img decoding=\"async\" src=\"https:\/\/www.spinalis.com\/wp-content\/uploads\/rehaprotex-2004.jpg\" alt=\"Nagrada\"\/><\/a><figcaption class=\"wp-element-caption\">SpinaliS najbolj\u0161i pisarni\u0161ki stol na \u010ce\u0161kem<\/figcaption><\/figure>\n\n\n\n<figure class=\"wp-block-image gallery-item\"><a href=\"https:\/\/www.spinalis.com\/wp-content\/uploads\/spinalis-guiness-record.jpg\"><img decoding=\"async\" src=\"https:\/\/www.spinalis.com\/wp-content\/uploads\/spinalis-guiness-record.jpg\" alt=\"Certifikat\"\/><\/a><figcaption class=\"wp-element-caption\">Na stolu SpinaliS do guinessovega rekorda<\/figcaption><\/figure>\n\n\n\n<figure class=\"wp-block-image gallery-item\"><a href=\"https:\/\/www.spinalis.com\/wp-content\/uploads\/mos-2001.jpg\"><img decoding=\"async\" src=\"https:\/\/www.spinalis.com\/wp-content\/uploads\/mos-2001.jpg\" alt=\"Priznanje\"\/><\/a><figcaption class=\"wp-element-caption\">Priznanje Zrcalo slovenske uspe\u0161nosti<\/figcaption><\/figure>\n\n\n\n<figure class=\"wp-block-image gallery-item\"><a href=\"https:\/\/www.spinalis.com\/wp-content\/uploads\/mos-2000.jpg\"><img decoding=\"async\" src=\"https:\/\/www.spinalis.com\/wp-content\/uploads\/mos-2000.jpg\" alt=\"Sejemsko priznanje\"\/><\/a><figcaption class=\"wp-element-caption\">Sejemsko priznanje MOS 2000<\/figcaption><\/figure>\n\n\n\n<figure class=\"wp-block-image gallery-item\"><a href=\"https:\/\/www.spinalis.com\/wp-content\/uploads\/obrtna-zbornica-slovenije-2000.jpg\"><img decoding=\"async\" src=\"https:\/\/www.spinalis.com\/wp-content\/uploads\/obrtna-zbornica-slovenije-2000.jpg\" alt=\"Priznanje Obrtne zbornice Celje\"\/><\/a><figcaption class=\"wp-element-caption\">Priznanje Obrtne zbornice Slovenije za kvaliteto stolov SpinaliS<\/figcaption><\/figure>\n\n\n\n<figure class=\"wp-block-image gallery-item\"><a href=\"https:\/\/www.spinalis.com\/wp-content\/uploads\/ten-best-chairs.jpg\"><img decoding=\"async\" src=\"https:\/\/www.spinalis.com\/wp-content\/uploads\/ten-best-chairs.jpg\" alt=\"Primerjava najbolj\u0161ih stolov Independent\"\/><\/a><figcaption class=\"wp-element-caption\">The Independent best buy 2007<\/figcaption><\/figure>\n<\/figure>\n\n\n\n<h2 class=\"wp-block-heading\">Patenti<\/h2>\n\n\n\n<figure class=\"wp-block-gallery alignwide has-nested-images columns-default is-cropped wp-block-gallery-3 is-layout-flex wp-block-gallery-is-layout-flex\">\n<figure class=\"wp-block-image gallery-item\"><a href=\"https:\/\/www.spinalis.com\/wp-content\/uploads\/usa-trademark.jpg\"><img decoding=\"async\" src=\"https:\/\/www.spinalis.com\/wp-content\/uploads\/usa-trademark.jpg\" alt=\"Certifikat\"\/><\/a><figcaption class=\"wp-element-caption\">V USA registrirana blagovna znamka<\/figcaption><\/figure>\n\n\n\n<figure class=\"wp-block-image gallery-item\"><a href=\"https:\/\/www.spinalis.com\/wp-content\/uploads\/trademark-spain.jpg\"><img decoding=\"async\" src=\"https:\/\/www.spinalis.com\/wp-content\/uploads\/trademark-spain.jpg\" alt=\"Certifikat\"\/><\/a><figcaption class=\"wp-element-caption\">Blagovna znamka SpinaliS je registrirana tudi v \u0160paniji<\/figcaption><\/figure>\n\n\n\n<figure class=\"wp-block-image gallery-item\"><a href=\"https:\/\/www.spinalis.com\/wp-content\/uploads\/trademark-japan2.jpg\"><img decoding=\"async\" src=\"https:\/\/www.spinalis.com\/wp-content\/uploads\/trademark-japan2.jpg\" alt=\"Certifikat\"\/><\/a><figcaption class=\"wp-element-caption\">Potrdilo o registraciji blagovne znamke na Japonskem<\/figcaption><\/figure>\n\n\n\n<figure class=\"wp-block-image gallery-item\"><a href=\"https:\/\/www.spinalis.com\/wp-content\/uploads\/trademark-japan.jpg\"><img decoding=\"async\" src=\"https:\/\/www.spinalis.com\/wp-content\/uploads\/trademark-japan.jpg\" alt=\"Certifikat\"\/><\/a><figcaption class=\"wp-element-caption\">Potrdilo o registraciji blagovne znamke na Japonskem<\/figcaption><\/figure>\n\n\n\n<figure class=\"wp-block-image gallery-item\"><a href=\"https:\/\/www.spinalis.com\/wp-content\/uploads\/patent-usa.jpg\"><img decoding=\"async\" src=\"https:\/\/www.spinalis.com\/wp-content\/uploads\/patent-usa.jpg\" alt=\"Certifikat\"\/><\/a><figcaption class=\"wp-element-caption\">USA registrirana modelna za\u0161\u010dina<\/figcaption><\/figure>\n\n\n\n<figure class=\"wp-block-image gallery-item\"><a href=\"https:\/\/www.spinalis.com\/wp-content\/uploads\/patent-slo.jpg\"><img decoding=\"async\" src=\"https:\/\/www.spinalis.com\/wp-content\/uploads\/patent-slo.jpg\" alt=\"Certifikat\"\/><\/a><figcaption class=\"wp-element-caption\">Sistem aktivnega sedenja SpinaliS je patentiran v ve\u010dini razvitih de\u017eel sveta<\/figcaption><\/figure>\n<\/figure>\n\n\n\n<h2 class=\"wp-block-heading\">Klini\u010dni testi<\/h2>\n\n\n\n<figure class=\"wp-block-gallery alignwide has-nested-images columns-default is-cropped wp-block-gallery-4 is-layout-flex wp-block-gallery-is-layout-flex\">\n<figure class=\"wp-block-image gallery-item\"><a href=\"https:\/\/www.spinalis.com\/wp-content\/uploads\/diplomska-naloga-sabina-volaj.jpg\"><img decoding=\"async\" src=\"https:\/\/www.spinalis.com\/wp-content\/uploads\/diplomska-naloga-sabina-volaj.jpg\" alt=\"Diplomska naloga Doba\"\/><\/a><figcaption class=\"wp-element-caption\">Diplomska naloga Sabina Volaj: PREDLOG ZA OPREMLJANJE PISARN Z ERGONOMSKO OBLIKOVANIMI STOLI SPINALIS PODJETJA HAM, D. O. O.<\/figcaption><\/figure>\n\n\n\n<figure class=\"wp-block-image gallery-item\"><a href=\"https:\/\/www.spinalis.com\/wp-content\/uploads\/diplomska-naloga-vesna-dragic.jpg\"><img decoding=\"async\" src=\"https:\/\/www.spinalis.com\/wp-content\/uploads\/diplomska-naloga-vesna-dragic.jpg\" alt=\"Diplomska naloga\"\/><\/a><figcaption class=\"wp-element-caption\">Diplomska naloga Vesna Dragic: ANALIZA DINAMI\u010cNEGA SEDENJA NAGIBLJIVO SEDNO POVR\u0160INO STOLU Z GIBLJIVO SEDNO POVR\u0160INO<\/figcaption><\/figure>\n\n\n\n<figure class=\"wp-block-image gallery-item\"><a href=\"https:\/\/www.spinalis.com\/wp-content\/uploads\/porocilo-o-testu-slovaska.jpg\"><img decoding=\"async\" src=\"https:\/\/www.spinalis.com\/wp-content\/uploads\/porocilo-o-testu-slovaska.jpg\" alt=\"certifikat\"\/><\/a><figcaption class=\"wp-element-caption\">Poro\u010dilo \u2013 klini\u010dni test Slova\u0161ka<\/figcaption><\/figure>\n\n\n\n<figure class=\"wp-block-image gallery-item\"><a href=\"https:\/\/www.spinalis.com\/wp-content\/uploads\/zdravstveni-test-slovaska.jpg\"><img decoding=\"async\" src=\"https:\/\/www.spinalis.com\/wp-content\/uploads\/zdravstveni-test-slovaska.jpg\" alt=\"Certifikat\"\/><\/a><figcaption class=\"wp-element-caption\">Zdravstveni test Slova\u0161ka<\/figcaption><\/figure>\n\n\n\n<figure class=\"wp-block-image gallery-item\"><a href=\"https:\/\/www.spinalis.com\/wp-content\/uploads\/2025-spinalis-en1335-test-report-page-1.jpg\"><img decoding=\"async\" src=\"https:\/\/www.spinalis.com\/wp-content\/uploads\/2025-spinalis-en1335-test-report-page-1.jpg\" alt=\"2025 SpinaliS EN1335 test report\"\/><\/a><figcaption class=\"wp-element-caption\">2025 SpinaliS EN1335 test report<\/figcaption><\/figure>\n<\/figure>\n\n\n\n<h2 class=\"wp-block-heading\">Spinalis v \u0161olah<\/h2>\n\n\n\n<figure class=\"wp-block-image gallery-item\"><a href=\"https:\/\/www.spinalis.com\/wp-content\/uploads\/spinalis-abstrakt-slo.jpg\"><img decoding=\"async\" src=\"https:\/\/www.spinalis.com\/wp-content\/uploads\/spinalis-abstrakt-slo.jpg\" alt=\"Raziskava\"\/><\/a><figcaption class=\"wp-element-caption\">Poro\u010dilo: Raziskava sedenja na stolu SpinaliS v \u0161oli 2006-2011<\/figcaption><\/figure>\n","protected":false},"excerpt":{"rendered":"<p>Certifikati Nagrade Stoli SpinaliS so prejeli \u0161tevilne mednarodne nagrade, pohvale strokovnih \u017eirij v petih dr\u017eavah, \u010dasopis The Independent pa jih je razglasil za \"najbolj\u0161i nakup\". Stol SpinaliS je pripeljal tudi do Guinnessovega svetovnega rekorda (radijski voditelj je najdalj\u0161o radijsko oddajo v zgodovini ve\u010d dni vodil s stola SpinaliS). Patenti Klini\u010dni testi Spinalis v \u0161olah<\/p>\n","protected":false},"author":1,"featured_media":2151,"parent":0,"menu_order":0,"comment_status":"closed","ping_status":"closed","template":"","meta":{"_acf_changed":false,"footnotes":""},"class_list":["post-1272","page","type-page","status-publish","has-post-thumbnail","hentry"],"acf":[],"_links":{"self":[{"href":"https:\/\/www.spinalis.com\/sl\/wp-json\/wp\/v2\/pages\/1272","targetHints":{"allow":["GET"]}}],"collection":[{"href":"https:\/\/www.spinalis.com\/sl\/wp-json\/wp\/v2\/pages"}],"about":[{"href":"https:\/\/www.spinalis.com\/sl\/wp-json\/wp\/v2\/types\/page"}],"author":[{"embeddable":true,"href":"https:\/\/www.spinalis.com\/sl\/wp-json\/wp\/v2\/users\/1"}],"replies":[{"embeddable":true,"href":"https:\/\/www.spinalis.com\/sl\/wp-json\/wp\/v2\/comments?post=1272"}],"version-history":[{"count":1,"href":"https:\/\/www.spinalis.com\/sl\/wp-json\/wp\/v2\/pages\/1272\/revisions"}],"predecessor-version":[{"id":20038,"href":"https:\/\/www.spinalis.com\/sl\/wp-json\/wp\/v2\/pages\/1272\/revisions\/20038"}],"wp:featuredmedia":[{"embeddable":true,"href":"https:\/\/www.spinalis.com\/sl\/wp-json\/wp\/v2\/media\/2151"}],"wp:attachment":[{"href":"https:\/\/www.spinalis.com\/sl\/wp-json\/wp\/v2\/media?parent=1272"}],"curies":[{"name":"wp","href":"https:\/\/api.w.org\/{rel}","templated":true}]}}