{"id":11560,"date":"2024-05-27T13:28:31","date_gmt":"2024-05-27T12:28:31","guid":{"rendered":"https:\/\/www.spinalis.com\/?page_id=11560"},"modified":"2025-11-26T14:52:38","modified_gmt":"2025-11-26T13:52:38","slug":"stoli-za-posebna-delovna-mesta","status":"publish","type":"page","link":"https:\/\/www.spinalis.com\/sl\/stoli-za-posebna-delovna-mesta\/","title":{"rendered":"Stoli za posebna delovna mesta"},"content":{"rendered":"<p>Ne glede na to, ali i\u0161\u010dete udobje v profesionalnem okolju ali doma, SpinaliS ponuja vrsto modelov, zasnovanih za podporo va\u0161emu zdravju in izbolj\u0161anje va\u0161ega delovnega okolja. Razi\u0161\u010dite na\u0161e modele: Smart, Rodeo, Stylist, Explorer in Dent, ki so vsi izdelani za izpolnitev specifi\u010dnih potreb z neprimerljivo kakovostjo.<\/p>\n<p>\t\t\t\t\t\t\t\t\t\t\t\t\t<img loading=\"lazy\" decoding=\"async\" width=\"1197\" height=\"1800\" src=\"https:\/\/www.spinalis.com\/wp-content\/uploads\/Delovni-stol-spinalis-dent-poleg-mize.jpg\" alt=\"Delovni stol Dent stoji poleg pisalne mize\" srcset=\"https:\/\/www.spinalis.com\/wp-content\/uploads\/Delovni-stol-spinalis-dent-poleg-mize.jpg 1197w, https:\/\/www.spinalis.com\/wp-content\/uploads\/Delovni-stol-spinalis-dent-poleg-mize-300x451.jpg 300w, https:\/\/www.spinalis.com\/wp-content\/uploads\/Delovni-stol-spinalis-dent-poleg-mize-600x902.jpg 600w, https:\/\/www.spinalis.com\/wp-content\/uploads\/Delovni-stol-spinalis-dent-poleg-mize-399x600.jpg 399w, https:\/\/www.spinalis.com\/wp-content\/uploads\/Delovni-stol-spinalis-dent-poleg-mize-681x1024.jpg 681w, https:\/\/www.spinalis.com\/wp-content\/uploads\/Delovni-stol-spinalis-dent-poleg-mize-768x1155.jpg 768w, https:\/\/www.spinalis.com\/wp-content\/uploads\/Delovni-stol-spinalis-dent-poleg-mize-1021x1536.jpg 1021w\" sizes=\"auto, (max-width: 1197px) 100vw, 1197px\" \/>\t\t\t\t\t\t\t\t\t\t\t\t\t<\/p>\n<h2>SpinaliS DENT<\/h2>\n<p>SpinaliS Dent je namenjen posebnim delovnim mestom (zobozdravniki, zobni tehniki, okulisti \u2026), kjer se je treba sklanjati nad pacienta oziroma delovno povr\u0161ino, ob tem pa ohranjati najve\u010djo mo\u017eno mobilnost. Zaradi gibljivega sede\u017ea sedalo sledi gibanju telesa in s tem prepre\u010duje nepravilne polo\u017eaje. Sede\u017e in naslona za roke ter hrbet se vrtijo in gibljejo neodvisno, kar omogo\u010da udobje tudi v neobi\u010dajnih polo\u017eajih. Dent je odli\u010dna izbira za delovna okolja, kjer je sterilnost izjemno pomembna. Oble\u010den je v tkanino, ki omogo\u010da razku\u017eevanje ter ima kromirano ogrodje in obro\u010d za noge.<\/p>\n<ul>\n<li>za posebna delovna mesta<\/li>\n<li>idealen, kjer je potrebna sterilnost<\/li>\n<li>patentirana vzmetna tehnologija<\/li>\n<\/ul>\n<p>\t\t\t<a href=\"https:\/\/www.spinalis.com\/pisarniski-stoli\/spinalis-dent\/\"><br \/>\n\t\t\t\t\t\t\t\t\tOglejte si ve\u010d<br \/>\n\t\t\t\t\t<\/a><br \/>\n\t\t\t\t\t\t\t<a href=\"https:\/\/www.spinalis.com\/wp-content\/uploads\/Punca-sedi-na-delovnem-stolu-spinalis-dent.jpg\" data-elementor-open-lightbox=\"yes\" data-elementor-lightbox-slideshow=\"ef3e4e2\" data-e-action-hash=\"#elementor-action%3Aaction%3Dlightbox%26settings%3DeyJpZCI6NTM5OSwidXJsIjoiaHR0cHM6XC9cL3d3dy5zcGluYWxpcy5zaVwvd3AtY29udGVudFwvdXBsb2Fkc1wvUHVuY2Etc2VkaS1uYS1kZWxvdm5lbS1zdG9sdS1zcGluYWxpcy1kZW50LmpwZyIsInNsaWRlc2hvdyI6ImVmM2U0ZTIifQ%3D%3D\"><br \/>\n\t\t\t\t\t\t\t\t\t\t\t\t\t\t<\/a><br \/>\n\t\t\t\t\t\t\t<a href=\"https:\/\/www.spinalis.com\/wp-content\/uploads\/ergonomski-ordinacijski-stol-spinalis-dent.jpg\" data-elementor-open-lightbox=\"yes\" data-elementor-lightbox-slideshow=\"ef3e4e2\" data-e-action-hash=\"#elementor-action%3Aaction%3Dlightbox%26settings%3DeyJpZCI6MTM0NSwidXJsIjoiaHR0cHM6XC9cL3d3dy5zcGluYWxpcy5zaVwvd3AtY29udGVudFwvdXBsb2Fkc1wvZXJnb25vbXNraS1vcmRpbmFjaWpza2ktc3RvbC1zcGluYWxpcy1kZW50LmpwZyIsInNsaWRlc2hvdyI6ImVmM2U0ZTIifQ%3D%3D\"><br \/>\n\t\t\t\t\t\t\t\t\t\t\t\t\t\t<\/a><br \/>\n\t\t\t\t\t\t\t<a href=\"https:\/\/www.spinalis.com\/wp-content\/uploads\/dent-s.jpg\" data-elementor-open-lightbox=\"yes\" data-elementor-lightbox-slideshow=\"ef3e4e2\" data-e-action-hash=\"#elementor-action%3Aaction%3Dlightbox%26settings%3DeyJpZCI6MTM0NiwidXJsIjoiaHR0cHM6XC9cL3d3dy5zcGluYWxpcy5zaVwvd3AtY29udGVudFwvdXBsb2Fkc1wvZGVudC1zLmpwZyIsInNsaWRlc2hvdyI6ImVmM2U0ZTIifQ%3D%3D\"><br \/>\n\t\t\t\t\t\t\t\t\t\t\t\t\t\t<\/a><br \/>\n\t\t\t\t\t\t\t<a href=\"https:\/\/www.spinalis.com\/wp-content\/uploads\/dent-b.jpg\" data-elementor-open-lightbox=\"yes\" data-elementor-lightbox-slideshow=\"ef3e4e2\" data-e-action-hash=\"#elementor-action%3Aaction%3Dlightbox%26settings%3DeyJpZCI6MTM0NCwidXJsIjoiaHR0cHM6XC9cL3d3dy5zcGluYWxpcy5zaVwvd3AtY29udGVudFwvdXBsb2Fkc1wvZGVudC1iLmpwZyIsInNsaWRlc2hvdyI6ImVmM2U0ZTIifQ%3D%3D\"><br \/>\n\t\t\t\t\t\t\t\t\t\t\t\t\t\t<\/a><\/p>\n<h2>SpinaliS STYLIST<\/h2>\n<p>Stol SpinaliS STYLIST \u2013 Najbolj\u0161e za polstoje\u010da delovna mesta. Kot odziv na \u017eelje najbolj\u0161ih slovenskih frizerjev smo razvili pisarni\u0161ki stol SpinaliS Stylist, ki omogo\u010da udobno, zdravo in razbremenjeno delo na stoje\u010dih delovnih mestih. Gibljivemu sede\u017eu, ki je zna\u010dilen za vse pisarni\u0161ke stole SpinaliS, smo dodali posebno oblikovano sedalo, namenjeno delu v stoje\u010dem ali polstoje\u010dem polo\u017eaju. Sedalo stola SpinaliS Stylist je oblikovano tako, da z njega ne zdrsnemo, tudi \u010de se nagnemo mo\u010dno naprej ali \u010de smo naslonjeni le na rob sedala.S sedenjem na pisarni\u0161kem stolu SpinaliS Stylist omogo\u010damo hrbtenici, da je ves \u010das v pravilnem polo\u017eaju, zaradi \u010desar razbremenimo pritisk na medvreten\u010dne plo\u0161\u010dice ter hkrati razbremenimo noge.<\/p>\n<ul>\n<li>sede\u017e proti zdrsu<\/li>\n<li>manj\u0161e naslonjalo za spodnji del hrbta<\/li>\n<li>prilagojena kolesca<\/li>\n<li>patentirana vzmetna tehnologija<\/li>\n<\/ul>\n<p>\t\t\t<a href=\"https:\/\/www.spinalis.com\/pisarniski-stoli\/spinalis-stylist\/\"><br \/>\n\t\t\t\t\t\t\t\t\tOglejte si ve\u010d<br \/>\n\t\t\t\t\t<\/a><br \/>\n\t\t\t\t\t\t\t<a href=\"https:\/\/www.spinalis.com\/wp-content\/uploads\/zenska-na-pisarniskem-stolu-spinalis-stylist-za-mizo.jpg\" data-elementor-open-lightbox=\"yes\" data-elementor-lightbox-slideshow=\"2d857ac\" data-e-action-hash=\"#elementor-action%3Aaction%3Dlightbox%26settings%3DeyJpZCI6NTQ0OSwidXJsIjoiaHR0cHM6XC9cL3d3dy5zcGluYWxpcy5zaVwvd3AtY29udGVudFwvdXBsb2Fkc1wvemVuc2thLW5hLXBpc2Fybmlza2VtLXN0b2x1LXNwaW5hbGlzLXN0eWxpc3QtemEtbWl6by5qcGciLCJzbGlkZXNob3ciOiIyZDg1N2FjIn0%3D\"><br \/>\n\t\t\t\t\t\t\t\t\t\t\t\t\t\t<\/a><br \/>\n\t\t\t\t\t\t\t<a href=\"https:\/\/www.spinalis.com\/wp-content\/uploads\/crn-pisarniski-stol-spinalis-stylist-stoji-ob-mizi.jpg\" data-elementor-open-lightbox=\"yes\" data-elementor-lightbox-slideshow=\"2d857ac\" data-e-action-hash=\"#elementor-action%3Aaction%3Dlightbox%26settings%3DeyJpZCI6NTQ1MCwidXJsIjoiaHR0cHM6XC9cL3d3dy5zcGluYWxpcy5zaVwvd3AtY29udGVudFwvdXBsb2Fkc1wvY3JuLXBpc2Fybmlza2ktc3RvbC1zcGluYWxpcy1zdHlsaXN0LXN0b2ppLW9iLW1pemkuanBnIiwic2xpZGVzaG93IjoiMmQ4NTdhYyJ9\"><br \/>\n\t\t\t\t\t\t\t\t\t\t\t\t\t\t<\/a><br \/>\n\t\t\t\t\t\t\t<a href=\"https:\/\/www.spinalis.com\/wp-content\/uploads\/ergonomski-frizerski-stol-spinalis-stylist.jpg\" data-elementor-open-lightbox=\"yes\" data-elementor-lightbox-slideshow=\"2d857ac\" data-e-action-hash=\"#elementor-action%3Aaction%3Dlightbox%26settings%3DeyJpZCI6MTM2OCwidXJsIjoiaHR0cHM6XC9cL3d3dy5zcGluYWxpcy5zaVwvd3AtY29udGVudFwvdXBsb2Fkc1wvZXJnb25vbXNraS1mcml6ZXJza2ktc3RvbC1zcGluYWxpcy1zdHlsaXN0LmpwZyIsInNsaWRlc2hvdyI6IjJkODU3YWMifQ%3D%3D\"><br \/>\n\t\t\t\t\t\t\t\t\t\t\t\t\t\t<\/a><br \/>\n\t\t\t\t\t\t\t<a href=\"https:\/\/www.spinalis.com\/wp-content\/uploads\/stylist-s.jpg\" data-elementor-open-lightbox=\"yes\" data-elementor-lightbox-slideshow=\"2d857ac\" data-e-action-hash=\"#elementor-action%3Aaction%3Dlightbox%26settings%3DeyJpZCI6MTMzNywidXJsIjoiaHR0cHM6XC9cL3d3dy5zcGluYWxpcy5zaVwvd3AtY29udGVudFwvdXBsb2Fkc1wvc3R5bGlzdC1zLmpwZyIsInNsaWRlc2hvdyI6IjJkODU3YWMifQ%3D%3D\"><br \/>\n\t\t\t\t\t\t\t\t\t\t\t\t\t\t<\/a><br \/>\n\t\t\t\t\t\t\t\t\t\t\t\t\t<img loading=\"lazy\" decoding=\"async\" width=\"1197\" height=\"1800\" src=\"https:\/\/www.spinalis.com\/wp-content\/uploads\/crn-pisarniski-stol-spinalis-stylist-stoji-ob-mizi.jpg\" alt=\"Pisarniski-stol-Dent-zraven-pisalne-mize\" srcset=\"https:\/\/www.spinalis.com\/wp-content\/uploads\/crn-pisarniski-stol-spinalis-stylist-stoji-ob-mizi.jpg 1197w, https:\/\/www.spinalis.com\/wp-content\/uploads\/crn-pisarniski-stol-spinalis-stylist-stoji-ob-mizi-300x451.jpg 300w, https:\/\/www.spinalis.com\/wp-content\/uploads\/crn-pisarniski-stol-spinalis-stylist-stoji-ob-mizi-600x902.jpg 600w, https:\/\/www.spinalis.com\/wp-content\/uploads\/crn-pisarniski-stol-spinalis-stylist-stoji-ob-mizi-399x600.jpg 399w, https:\/\/www.spinalis.com\/wp-content\/uploads\/crn-pisarniski-stol-spinalis-stylist-stoji-ob-mizi-681x1024.jpg 681w, https:\/\/www.spinalis.com\/wp-content\/uploads\/crn-pisarniski-stol-spinalis-stylist-stoji-ob-mizi-768x1155.jpg 768w, https:\/\/www.spinalis.com\/wp-content\/uploads\/crn-pisarniski-stol-spinalis-stylist-stoji-ob-mizi-1021x1536.jpg 1021w\" sizes=\"auto, (max-width: 1197px) 100vw, 1197px\" \/><br \/>\n\t\t\t\t\t\t\t\t\t\t\t\t\t<img decoding=\"async\" src=\"https:\/\/www.spinalis.com\/wp-content\/uploads\/pisarniski-stol-rodeo-spinalis-rodeo-pred-pisalno-mizo.jpg\" title=\"\" alt=\"\" loading=\"lazy\" \/>\t\t\t\t\t\t\t\t\t\t\t\t\t<\/p>\n<h2>SpinaliS RODEO<\/h2>\n<p>Ena izmed posebnost SpinaliS Rodeo stola je njegove unikatna oblika sede\u017ea, ki prepre\u010duje kri\u017eanje nog in nam nudi odli\u010dno oporo in izjemno stabilnost. Rodeo pa je druga\u010den tudi v tem, da se ga lahko dvigne precej visoko, zato je \u0161e posebej primeren za tiste, ki delamo za visokimi pulti ali pisalnimi mizami ter vi\u0161je uporabnike.<\/p>\n<ul>\n<li>sede\u017e v obliki sedla<\/li>\n<li>vi\u0161je nastavljivo sedalo<\/li>\n<li>trostopenjska nastavitev naslonjala<\/li>\n<li>patentirana vzmetna tehnologija<\/li>\n<\/ul>\n<p>\t\t\t<a href=\"https:\/\/www.spinalis.com\/pisarniski-stoli\/spinalis-rodeo\/\"><br \/>\n\t\t\t\t\t\t\t\t\tOglejte si ve\u010d<br \/>\n\t\t\t\t\t<\/a><br \/>\n\t\t\t\t\t\t\t<a href=\"https:\/\/www.spinalis.com\/wp-content\/uploads\/zenska-sedi-na-pisarniskem-stolu-spinalis-rodeo-02.jpg\" data-elementor-open-lightbox=\"yes\" data-elementor-lightbox-slideshow=\"b07a3fc\" data-e-action-hash=\"#elementor-action%3Aaction%3Dlightbox%26settings%3DeyJpZCI6NTQzNywidXJsIjoiaHR0cHM6XC9cL3d3dy5zcGluYWxpcy5zaVwvd3AtY29udGVudFwvdXBsb2Fkc1wvemVuc2thLXNlZGktbmEtcGlzYXJuaXNrZW0tc3RvbHUtc3BpbmFsaXMtcm9kZW8tMDIuanBnIiwic2xpZGVzaG93IjoiYjA3YTNmYyJ9\"><br \/>\n\t\t\t\t\t\t\t\t\t\t\t\t\t\t<\/a><br \/>\n\t\t\t\t\t\t\t<a href=\"https:\/\/www.spinalis.com\/wp-content\/uploads\/pisarniski-stol-spinalis-rodeo-04.jpg\" data-elementor-open-lightbox=\"yes\" data-elementor-lightbox-slideshow=\"b07a3fc\" data-e-action-hash=\"#elementor-action%3Aaction%3Dlightbox%26settings%3DeyJpZCI6NTQzOSwidXJsIjoiaHR0cHM6XC9cL3d3dy5zcGluYWxpcy5zaVwvd3AtY29udGVudFwvdXBsb2Fkc1wvcGlzYXJuaXNraS1zdG9sLXNwaW5hbGlzLXJvZGVvLTA0LmpwZyIsInNsaWRlc2hvdyI6ImIwN2EzZmMifQ%3D%3D\"><br \/>\n\t\t\t\t\t\t\t\t\t\t\t\t\t\t<\/a><br \/>\n\t\t\t\t\t\t\t<a href=\"https:\/\/www.spinalis.com\/wp-content\/uploads\/rodeo-prikazna.jpg\" data-elementor-open-lightbox=\"yes\" data-elementor-lightbox-slideshow=\"b07a3fc\" data-e-action-hash=\"#elementor-action%3Aaction%3Dlightbox%26settings%3DeyJpZCI6ODA0NSwidXJsIjoiaHR0cHM6XC9cL3d3dy5zcGluYWxpcy5zaVwvd3AtY29udGVudFwvdXBsb2Fkc1wvcm9kZW8tcHJpa2F6bmEuanBnIiwic2xpZGVzaG93IjoiYjA3YTNmYyJ9\"><br \/>\n\t\t\t\t\t\t\t\t\t\t\t\t\t\t<\/a><br \/>\n\t\t\t\t\t\t\t<a href=\"https:\/\/www.spinalis.com\/wp-content\/uploads\/rodeo-s.jpg\" data-elementor-open-lightbox=\"yes\" data-elementor-lightbox-slideshow=\"b07a3fc\" data-e-action-hash=\"#elementor-action%3Aaction%3Dlightbox%26settings%3DeyJpZCI6MTM2MCwidXJsIjoiaHR0cHM6XC9cL3d3dy5zcGluYWxpcy5zaVwvd3AtY29udGVudFwvdXBsb2Fkc1wvcm9kZW8tcy5qcGciLCJzbGlkZXNob3ciOiJiMDdhM2ZjIn0%3D\"><br \/>\n\t\t\t\t\t\t\t\t\t\t\t\t\t\t<\/a><\/p>\n<h2>SpinaliS EXPLORER<\/h2>\n<p>Explorer pisarni\u0161ki stol je odli\u010dna izbira za vse, ki si \u017eelijo nastaviti sede\u017e nekoliko vi\u0161je in kljub temu ostati mobilni. Udoben minimalisti\u010den naslon za hrbet in delno oporo rok vas pri delu ne ovirata saj so ro\u010dke nekoliko kraj\u0161e in ga z lahkoto pospravite bli\u017eje k mizi. Sede\u017e nakazuje obliko sedla, vendar je zaradi svoje zaobljene oblike primeren tudi za sedenje v krilu. Hibrid med Smartom in Rodeom pisarni\u0161ki stolom vas bo navdu\u0161il s svojo funkcionalnostjo, saj zagotavlja udobje, aktivno sedenje in mo\u017enost nastavitve naslona in sede\u017ea v vi\u0161je polo\u017eaje.<\/p>\n<ul>\n<li>tristopenjska nastavitev naslona<\/li>\n<li>za vi\u0161ja delovna mesta<\/li>\n<li>izpeljanka oblike sedla<\/li>\n<li>patentirana vzmetna tehnologija<\/li>\n<\/ul>\n<p>\t\t\t<a href=\"https:\/\/www.spinalis.com\/pisarniski-stoli\/spinalis-explorer\/\"><br \/>\n\t\t\t\t\t\t\t\t\tOglejte si ve\u010d<br \/>\n\t\t\t\t\t<\/a><br \/>\n\t\t\t\t\t\t\t<a href=\"https:\/\/www.spinalis.com\/wp-content\/uploads\/Pisarniski-stolspinalis-explorer.jpg\" data-elementor-open-lightbox=\"yes\" data-elementor-lightbox-slideshow=\"ef7c10b\" data-e-action-hash=\"#elementor-action%3Aaction%3Dlightbox%26settings%3DeyJpZCI6NTQxNCwidXJsIjoiaHR0cHM6XC9cL3d3dy5zcGluYWxpcy5zaVwvd3AtY29udGVudFwvdXBsb2Fkc1wvUGlzYXJuaXNraS1zdG9sc3BpbmFsaXMtZXhwbG9yZXIuanBnIiwic2xpZGVzaG93IjoiZWY3YzEwYiJ9\"><br \/>\n\t\t\t\t\t\t\t\t\t\t\t\t\t\t<\/a><br \/>\n\t\t\t\t\t\t\t<a href=\"https:\/\/www.spinalis.com\/wp-content\/uploads\/Pisarniski-stol-spinalis-explorer-crne-barve.jpg\" data-elementor-open-lightbox=\"yes\" data-elementor-lightbox-slideshow=\"ef7c10b\" data-e-action-hash=\"#elementor-action%3Aaction%3Dlightbox%26settings%3DeyJpZCI6NTQxNSwidXJsIjoiaHR0cHM6XC9cL3d3dy5zcGluYWxpcy5zaVwvd3AtY29udGVudFwvdXBsb2Fkc1wvUGlzYXJuaXNraS1zdG9sLXNwaW5hbGlzLWV4cGxvcmVyLWNybmUtYmFydmUuanBnIiwic2xpZGVzaG93IjoiZWY3YzEwYiJ9\"><br \/>\n\t\t\t\t\t\t\t\t\t\t\t\t\t\t<\/a><br \/>\n\t\t\t\t\t\t\t<a href=\"https:\/\/www.spinalis.com\/wp-content\/uploads\/Punca-sedi-na-pisarniskem-stolu-spinalis-explorer.jpg\" data-elementor-open-lightbox=\"yes\" data-elementor-lightbox-slideshow=\"ef7c10b\" data-e-action-hash=\"#elementor-action%3Aaction%3Dlightbox%26settings%3DeyJpZCI6NTQxMCwidXJsIjoiaHR0cHM6XC9cL3d3dy5zcGluYWxpcy5zaVwvd3AtY29udGVudFwvdXBsb2Fkc1wvUHVuY2Etc2VkaS1uYS1waXNhcm5pc2tlbS1zdG9sdS1zcGluYWxpcy1leHBsb3Jlci5qcGciLCJzbGlkZXNob3ciOiJlZjdjMTBiIn0%3D\"><br \/>\n\t\t\t\t\t\t\t\t\t\t\t\t\t\t<\/a><br \/>\n\t\t\t\t\t\t\t<a href=\"https:\/\/www.spinalis.com\/wp-content\/uploads\/explorer-crna-1.jpg\" data-elementor-open-lightbox=\"yes\" data-elementor-lightbox-slideshow=\"ef7c10b\" data-e-action-hash=\"#elementor-action%3Aaction%3Dlightbox%26settings%3DeyJpZCI6MzU3MiwidXJsIjoiaHR0cHM6XC9cL3d3dy5zcGluYWxpcy5zaVwvd3AtY29udGVudFwvdXBsb2Fkc1wvZXhwbG9yZXItY3JuYS0xLmpwZyIsInNsaWRlc2hvdyI6ImVmN2MxMGIifQ%3D%3D\"><br \/>\n\t\t\t\t\t\t\t\t\t\t\t\t\t\t<\/a><br \/>\n\t\t\t\t\t\t\t\t\t\t\t\t\t<img loading=\"lazy\" decoding=\"async\" width=\"1197\" height=\"1800\" src=\"https:\/\/www.spinalis.com\/wp-content\/uploads\/Pisarniski-stol-spinalis-explorer-sive-barve.jpg\" alt=\"Pisarni\u0161ki stol Explorer v sivi barve poleg pisalne mize\" srcset=\"https:\/\/www.spinalis.com\/wp-content\/uploads\/Pisarniski-stol-spinalis-explorer-sive-barve.jpg 1197w, https:\/\/www.spinalis.com\/wp-content\/uploads\/Pisarniski-stol-spinalis-explorer-sive-barve-300x451.jpg 300w, https:\/\/www.spinalis.com\/wp-content\/uploads\/Pisarniski-stol-spinalis-explorer-sive-barve-600x902.jpg 600w, https:\/\/www.spinalis.com\/wp-content\/uploads\/Pisarniski-stol-spinalis-explorer-sive-barve-399x600.jpg 399w, https:\/\/www.spinalis.com\/wp-content\/uploads\/Pisarniski-stol-spinalis-explorer-sive-barve-681x1024.jpg 681w, https:\/\/www.spinalis.com\/wp-content\/uploads\/Pisarniski-stol-spinalis-explorer-sive-barve-768x1155.jpg 768w, https:\/\/www.spinalis.com\/wp-content\/uploads\/Pisarniski-stol-spinalis-explorer-sive-barve-1021x1536.jpg 1021w\" sizes=\"auto, (max-width: 1197px) 100vw, 1197px\" \/><br \/>\n\t\t\t\t\t\t\t\t\t\t\t\t\t<img loading=\"lazy\" decoding=\"async\" width=\"1197\" height=\"1800\" src=\"https:\/\/www.spinalis.com\/wp-content\/uploads\/pisarniski-stol-spinalis-smart-02.jpg\" alt=\"Pisarni\u0161ki stol Spider rde\u010de barve zraven pisalne mize\" srcset=\"https:\/\/www.spinalis.com\/wp-content\/uploads\/pisarniski-stol-spinalis-smart-02.jpg 1197w, https:\/\/www.spinalis.com\/wp-content\/uploads\/pisarniski-stol-spinalis-smart-02-300x451.jpg 300w, https:\/\/www.spinalis.com\/wp-content\/uploads\/pisarniski-stol-spinalis-smart-02-600x902.jpg 600w, https:\/\/www.spinalis.com\/wp-content\/uploads\/pisarniski-stol-spinalis-smart-02-399x600.jpg 399w, https:\/\/www.spinalis.com\/wp-content\/uploads\/pisarniski-stol-spinalis-smart-02-681x1024.jpg 681w, https:\/\/www.spinalis.com\/wp-content\/uploads\/pisarniski-stol-spinalis-smart-02-768x1155.jpg 768w, https:\/\/www.spinalis.com\/wp-content\/uploads\/pisarniski-stol-spinalis-smart-02-1021x1536.jpg 1021w\" sizes=\"auto, (max-width: 1197px) 100vw, 1197px\" \/>\t\t\t\t\t\t\t\t\t\t\t\t\t<\/p>\n<h2>SpinaliS SMART<\/h2>\n<p>Pisarni\u0161ki stol SpinaliS Smart je idealen za tiste izmed nas, ki nam vedno primanjkuje prostora. Ima po vi\u0161ini nastavljiv sede\u017e in manj\u0161i naslon za hrbet ter roke, njegova majhnost in prikupnost pa mu omogo\u010data umestitev v prav vsak \u0161e tako majhen prostor saj se z lahkoto pospravi pod pisalno mizo. Je eden izmed modelov pisarni\u0161ki stolov brez naslonjal za roke, kar uporabniku omogo\u010da \u0161e dodatno okretnost in svobodo gibanja.<\/p>\n<ul>\n<li>manj\u0161i naslon za hrbet<\/li>\n<li>primeren za manj\u0161e prostore<\/li>\n<li>pospravite ga lahko pod mizo<\/li>\n<li>patentirana vzmetna tehnologija<\/li>\n<\/ul>\n<p>\t\t\t<a href=\"https:\/\/www.spinalis.com\/pisarniski-stoli\/spinalis-smart\/\"><br \/>\n\t\t\t\t\t\t\t\t\tOglejte si ve\u010d<br \/>\n\t\t\t\t\t<\/a><br \/>\n\t\t\t\t\t\t\t<a href=\"https:\/\/www.spinalis.com\/wp-content\/uploads\/pisarniski-stol-spinalis-smart-03.jpg\" data-elementor-open-lightbox=\"yes\" data-elementor-lightbox-slideshow=\"6d02bbb\" data-e-action-hash=\"#elementor-action%3Aaction%3Dlightbox%26settings%3DeyJpZCI6NTQ0MiwidXJsIjoiaHR0cHM6XC9cL3d3dy5zcGluYWxpcy5zaVwvd3AtY29udGVudFwvdXBsb2Fkc1wvcGlzYXJuaXNraS1zdG9sLXNwaW5hbGlzLXNtYXJ0LTAzLmpwZyIsInNsaWRlc2hvdyI6IjZkMDJiYmIifQ%3D%3D\"><br \/>\n\t\t\t\t\t\t\t\t\t\t\t\t\t\t<\/a><br \/>\n\t\t\t\t\t\t\t<a href=\"https:\/\/www.spinalis.com\/wp-content\/uploads\/smart-white-person.jpg\" data-elementor-open-lightbox=\"yes\" data-elementor-lightbox-slideshow=\"6d02bbb\" data-e-action-hash=\"#elementor-action%3Aaction%3Dlightbox%26settings%3DeyJpZCI6MTQ3MCwidXJsIjoiaHR0cHM6XC9cL3d3dy5zcGluYWxpcy5zaVwvd3AtY29udGVudFwvdXBsb2Fkc1wvc21hcnQtd2hpdGUtcGVyc29uLmpwZyIsInNsaWRlc2hvdyI6IjZkMDJiYmIifQ%3D%3D\"><br \/>\n\t\t\t\t\t\t\t\t\t\t\t\t\t\t<\/a><br \/>\n\t\t\t\t\t\t\t<a href=\"https:\/\/www.spinalis.com\/wp-content\/uploads\/smart-prikazna.jpg\" data-elementor-open-lightbox=\"yes\" data-elementor-lightbox-slideshow=\"6d02bbb\" data-e-action-hash=\"#elementor-action%3Aaction%3Dlightbox%26settings%3DeyJpZCI6ODA0NiwidXJsIjoiaHR0cHM6XC9cL3d3dy5zcGluYWxpcy5zaVwvd3AtY29udGVudFwvdXBsb2Fkc1wvc21hcnQtcHJpa2F6bmEuanBnIiwic2xpZGVzaG93IjoiNmQwMmJiYiJ9\"><br \/>\n\t\t\t\t\t\t\t\t\t\t\t\t\t\t<\/a><br \/>\n\t\t\t\t\t\t\t<a href=\"https:\/\/www.spinalis.com\/wp-content\/uploads\/smart-s.jpg\" data-elementor-open-lightbox=\"yes\" data-elementor-lightbox-slideshow=\"6d02bbb\" data-e-action-hash=\"#elementor-action%3Aaction%3Dlightbox%26settings%3DeyJpZCI6MTM2MywidXJsIjoiaHR0cHM6XC9cL3d3dy5zcGluYWxpcy5zaVwvd3AtY29udGVudFwvdXBsb2Fkc1wvc21hcnQtcy5qcGciLCJzbGlkZXNob3ciOiI2ZDAyYmJiIn0%3D\"><br \/>\n\t\t\t\t\t\t\t\t\t\t\t\t\t\t<\/a><\/p>\n<p>Vsak stol SpinaliS je izdelan s patentirano tehnologijo vzmeti, ki zagotavlja aktivno sedenje in ergonomsko podporo. Izberite tistega, ki najbolj ustreza va\u0161im potrebam, in do\u017eivite vrhunsko udobje ter zdravstvene koristi. Razi\u0161\u010dite na\u0161o ponudbo \u017ee danes in preoblikujte svojo izku\u0161njo s sedenjem!<\/p>\n<h2>Vsi stoli SpinaliS<\/h2>\n","protected":false},"excerpt":{"rendered":"<p>Ne glede na to, ali i\u0161\u010dete udobje v profesionalnem okolju ali doma, SpinaliS ponuja vrsto modelov, zasnovanih za podporo va\u0161emu zdravju in izbolj\u0161anje va\u0161ega delovnega okolja. Razi\u0161\u010dite na\u0161e modele: Smart, Rodeo, Stylist, Explorer in Dent, ki so vsi izdelani za izpolnitev specifi\u010dnih potreb z neprimerljivo kakovostjo. SpinaliS DENT SpinaliS Dent je namenjen posebnim delovnim mestom [&hellip;]<\/p>\n","protected":false},"author":8,"featured_media":19264,"parent":0,"menu_order":0,"comment_status":"closed","ping_status":"closed","template":"","meta":{"_acf_changed":false,"footnotes":""},"class_list":["post-11560","page","type-page","status-publish","has-post-thumbnail","hentry"],"acf":[],"_links":{"self":[{"href":"https:\/\/www.spinalis.com\/sl\/wp-json\/wp\/v2\/pages\/11560","targetHints":{"allow":["GET"]}}],"collection":[{"href":"https:\/\/www.spinalis.com\/sl\/wp-json\/wp\/v2\/pages"}],"about":[{"href":"https:\/\/www.spinalis.com\/sl\/wp-json\/wp\/v2\/types\/page"}],"author":[{"embeddable":true,"href":"https:\/\/www.spinalis.com\/sl\/wp-json\/wp\/v2\/users\/8"}],"replies":[{"embeddable":true,"href":"https:\/\/www.spinalis.com\/sl\/wp-json\/wp\/v2\/comments?post=11560"}],"version-history":[{"count":0,"href":"https:\/\/www.spinalis.com\/sl\/wp-json\/wp\/v2\/pages\/11560\/revisions"}],"wp:featuredmedia":[{"embeddable":true,"href":"https:\/\/www.spinalis.com\/sl\/wp-json\/wp\/v2\/media\/19264"}],"wp:attachment":[{"href":"https:\/\/www.spinalis.com\/sl\/wp-json\/wp\/v2\/media?parent=11560"}],"curies":[{"name":"wp","href":"https:\/\/api.w.org\/{rel}","templated":true}]}}