{"id":10529,"date":"2024-03-19T13:49:53","date_gmt":"2024-03-19T12:49:53","guid":{"rendered":"https:\/\/www.spinalis.com\/?page_id=10529"},"modified":"2025-11-26T13:51:25","modified_gmt":"2025-11-26T12:51:25","slug":"brezplacni-preizkus-stola-spinalis-hvala","status":"publish","type":"page","link":"https:\/\/www.spinalis.com\/sl\/brezplacni-preizkus-stola-spinalis-hvala\/","title":{"rendered":"Brezpla\u010dni preizkus stola SpinaliS - hvala"},"content":{"rendered":"<h1>Hvala za naro\u010dilo brezpla\u010dnega preizkusa!<\/h1>\n<p>Kmalu vas bo kontaktiral nekdo iz na\u0161e ekipe, da se dogovorite glede podrobnosti brezpla\u010dnega preizkusa.<\/p>\n<p>\t\t\t<a href=\"https:\/\/www.spinalis.com\/mnenja\/\"><br \/>\n\t\t\t\t\t\tMnenja o stolih SpinaliS<br \/>\n\t\t\t\t\t<\/a><br \/>\n\t\t\t<a href=\"https:\/\/www.spinalis.com\/o-nas\/certifikati-in-nagrade\/\"><br \/>\n\t\t\t\t\t\tCertifikati in nagrade<br \/>\n\t\t\t\t\t<\/a><\/p>\n","protected":false},"excerpt":{"rendered":"<p>Hvala za naro\u010dilo brezpla\u010dnega preizkusa! Kmalu vas bo kontaktiral nekdo iz na\u0161e ekipe, da se dogovorite glede podrobnosti brezpla\u010dnega preizkusa. Mnenja o stolih SpinaliS Certifikati in nagrade<\/p>\n","protected":false},"author":1,"featured_media":19554,"parent":0,"menu_order":0,"comment_status":"closed","ping_status":"closed","template":"","meta":{"_acf_changed":false,"footnotes":""},"class_list":["post-10529","page","type-page","status-publish","has-post-thumbnail","hentry"],"acf":[],"_links":{"self":[{"href":"https:\/\/www.spinalis.com\/sl\/wp-json\/wp\/v2\/pages\/10529","targetHints":{"allow":["GET"]}}],"collection":[{"href":"https:\/\/www.spinalis.com\/sl\/wp-json\/wp\/v2\/pages"}],"about":[{"href":"https:\/\/www.spinalis.com\/sl\/wp-json\/wp\/v2\/types\/page"}],"author":[{"embeddable":true,"href":"https:\/\/www.spinalis.com\/sl\/wp-json\/wp\/v2\/users\/1"}],"replies":[{"embeddable":true,"href":"https:\/\/www.spinalis.com\/sl\/wp-json\/wp\/v2\/comments?post=10529"}],"version-history":[{"count":0,"href":"https:\/\/www.spinalis.com\/sl\/wp-json\/wp\/v2\/pages\/10529\/revisions"}],"wp:featuredmedia":[{"embeddable":true,"href":"https:\/\/www.spinalis.com\/sl\/wp-json\/wp\/v2\/media\/19554"}],"wp:attachment":[{"href":"https:\/\/www.spinalis.com\/sl\/wp-json\/wp\/v2\/media?parent=10529"}],"curies":[{"name":"wp","href":"https:\/\/api.w.org\/{rel}","templated":true}]}}