{"id":21654,"date":"2024-05-27T13:28:31","date_gmt":"2024-05-27T12:28:31","guid":{"rendered":"https:\/\/www.spinalis.com\/stuehle-fuer-besondere-aufgaben\/"},"modified":"2024-05-27T13:28:31","modified_gmt":"2024-05-27T12:28:31","slug":"stuehle-fuer-besondere-aufgaben","status":"publish","type":"page","link":"https:\/\/www.spinalis.com\/de\/stuehle-fuer-besondere-aufgaben\/","title":{"rendered":"St\u00fchle f\u00fcr besondere Aufgaben"},"content":{"rendered":"<p>Ganz gleich, ob Sie Komfort in einem beruflichen Umfeld oder zu Hause suchen, SpinaliS bietet eine Reihe von Modellen, die Ihre Gesundheit unterst\u00fctzen und Ihr Arbeitsumfeld verbessern. Entdecken Sie unsere Modelle: Smart, Rodeo, Stylist, Explorer und Dent, die alle entwickelt wurden, um spezifische Bed\u00fcrfnisse mit unvergleichlicher Qualit\u00e4t zu erf\u00fcllen. <\/p>\n<p>\t\t\t\t\t\t\t\t\t\t\t\t\t<img loading=\"lazy\" decoding=\"async\" width=\"1197\" height=\"1800\" src=\"https:\/\/www.spinalis.com\/wp-content\/uploads\/Delovni-stol-spinalis-dent-poleg-mize.jpg\" alt=\"Der Dent Arbeitsstuhl steht neben dem Schreibtisch\" srcset=\"https:\/\/www.spinalis.com\/wp-content\/uploads\/Delovni-stol-spinalis-dent-poleg-mize.jpg 1197w, https:\/\/www.spinalis.com\/wp-content\/uploads\/Delovni-stol-spinalis-dent-poleg-mize-300x451.jpg 300w, https:\/\/www.spinalis.com\/wp-content\/uploads\/Delovni-stol-spinalis-dent-poleg-mize-600x902.jpg 600w, https:\/\/www.spinalis.com\/wp-content\/uploads\/Delovni-stol-spinalis-dent-poleg-mize-399x600.jpg 399w, https:\/\/www.spinalis.com\/wp-content\/uploads\/Delovni-stol-spinalis-dent-poleg-mize-681x1024.jpg 681w, https:\/\/www.spinalis.com\/wp-content\/uploads\/Delovni-stol-spinalis-dent-poleg-mize-768x1155.jpg 768w, https:\/\/www.spinalis.com\/wp-content\/uploads\/Delovni-stol-spinalis-dent-poleg-mize-1021x1536.jpg 1021w\" sizes=\"auto, (max-width: 1197px) 100vw, 1197px\">\t\t\t\t\t\t\t\t\t\t\t\t\t<\/p>\n<h2>SpinaliS DENT<\/h2>\n<p>SpinaliS Dent wurde f\u00fcr spezielle Arbeitspl\u00e4tze (Zahn\u00e4rzte, Zahntechniker, Augen\u00e4rzte usw.) entwickelt, an denen es erforderlich ist, sich \u00fcber den Patienten oder die Arbeitsfl\u00e4che zu beugen und dabei ein Maximum an Beweglichkeit zu bewahren. Dank der flexiblen Sitzfl\u00e4che folgt der Sitz den Bewegungen des K\u00f6rpers und verhindert so Fehlhaltungen. Der Sitz, die Armlehnen und die R\u00fcckenlehne lassen sich unabh\u00e4ngig voneinander drehen und bewegen, so dass Sie auch in ungew\u00f6hnlichen Positionen bequem sitzen k\u00f6nnen. Dent ist die perfekte Wahl f\u00fcr Arbeitsumgebungen, in denen Sterilit\u00e4t von gr\u00f6\u00dfter Bedeutung ist. Er ist mit einem desinfizierbaren Stoff bezogen und verf\u00fcgt \u00fcber einen verchromten Rahmen und Fu\u00dfring.    <\/p>\n<ul>\n<li>f\u00fcr bestimmte Stellen<\/li>\n<li>ideal, wenn Sterilit\u00e4t erforderlich ist<\/li>\n<li>patentierte Federtechnik<\/li>\n<\/ul>\n<p>\t\t\t<a href=\"https:\/\/www.spinalis.com\/de\/burostuhle\/spinalis-dent\/\"><br \/>\n  Mehr sehen<br \/>\n\t\t\t\t\t<\/a><br \/>\n\t\t\t\t\t\t\t<a href=\"https:\/\/www.spinalis.com\/wp-content\/uploads\/Punca-sedi-na-delovnem-stolu-spinalis-dent.jpg\" data-elementor-open-lightbox=\"yes\" data-elementor-lightbox-slideshow=\"ef3e4e2\" data-e-action-hash=\"#elementor-action%3Aaction%3Dlightbox%26settings%3DeyJpZCI6NTM5OSwidXJsIjoiaHR0cHM6XC9cL3d3dy5zcGluYWxpcy5zaVwvd3AtY29udGVudFwvdXBsb2Fkc1wvUHVuY2Etc2VkaS1uYS1kZWxvdm5lbS1zdG9sdS1zcGluYWxpcy1kZW50LmpwZyIsInNsaWRlc2hvdyI6ImVmM2U0ZTIifQ%3D%3D\"><br \/>\n\t\t\t\t\t\t\t\t\t\t\t\t\t\t<\/a><br \/>\n\t\t\t\t\t\t\t<a href=\"https:\/\/www.spinalis.com\/wp-content\/uploads\/ergonomski-ordinacijski-stol-spinalis-dent.jpg\" data-elementor-open-lightbox=\"yes\" data-elementor-lightbox-slideshow=\"ef3e4e2\" data-e-action-hash=\"#elementor-action%3Aaction%3Dlightbox%26settings%3DeyJpZCI6MTM0NSwidXJsIjoiaHR0cHM6XC9cL3d3dy5zcGluYWxpcy5zaVwvd3AtY29udGVudFwvdXBsb2Fkc1wvZXJnb25vbXNraS1vcmRpbmFjaWpza2ktc3RvbC1zcGluYWxpcy1kZW50LmpwZyIsInNsaWRlc2hvdyI6ImVmM2U0ZTIifQ%3D%3D\"><br \/>\n\t\t\t\t\t\t\t\t\t\t\t\t\t\t<\/a><br \/>\n\t\t\t\t\t\t\t<a href=\"https:\/\/www.spinalis.com\/wp-content\/uploads\/dent-s.jpg\" data-elementor-open-lightbox=\"yes\" data-elementor-lightbox-slideshow=\"ef3e4e2\" data-e-action-hash=\"#elementor-action%3Aaction%3Dlightbox%26settings%3DeyJpZCI6MTM0NiwidXJsIjoiaHR0cHM6XC9cL3d3dy5zcGluYWxpcy5zaVwvd3AtY29udGVudFwvdXBsb2Fkc1wvZGVudC1zLmpwZyIsInNsaWRlc2hvdyI6ImVmM2U0ZTIifQ%3D%3D\"><br \/>\n\t\t\t\t\t\t\t\t\t\t\t\t\t\t<\/a><br \/>\n\t\t\t\t\t\t\t<a href=\"https:\/\/www.spinalis.com\/wp-content\/uploads\/dent-b.jpg\" data-elementor-open-lightbox=\"yes\" data-elementor-lightbox-slideshow=\"ef3e4e2\" data-e-action-hash=\"#elementor-action%3Aaction%3Dlightbox%26settings%3DeyJpZCI6MTM0NCwidXJsIjoiaHR0cHM6XC9cL3d3dy5zcGluYWxpcy5zaVwvd3AtY29udGVudFwvdXBsb2Fkc1wvZGVudC1iLmpwZyIsInNsaWRlc2hvdyI6ImVmM2U0ZTIifQ%3D%3D\"><br \/>\n\t\t\t\t\t\t\t\t\t\t\t\t\t\t<\/a><\/p>\n<h2>SpinaliS STYLIST<\/h2>\n<p>SpinaliS STYLIST Stuhl - Bestens geeignet f\u00fcr semi-permanente Arbeitspl\u00e4tze. Als Antwort auf die W\u00fcnsche der besten slowenischen Friseure haben wir den SpinaliS Stylist B\u00fcrostuhl entwickelt, der bequemes, gesundes und entspanntes Arbeiten an Steharbeitspl\u00e4tzen erm\u00f6glicht. Dem flexiblen Sitz, der f\u00fcr alle SpinaliS-B\u00fcrost\u00fchle charakteristisch ist, haben wir eine speziell entwickelte Sitzfl\u00e4che hinzugef\u00fcgt, die f\u00fcr die Arbeit im Stehen oder im Halbstand konzipiert ist. Die Sitzfl\u00e4che des SpinaliS Stylist ist so konzipiert, dass Sie nicht vom Stuhl abrutschen, selbst wenn Sie sich weit nach vorne lehnen oder sich nur auf den Rand der Sitzfl\u00e4che st\u00fctzen. Beim Sitzen auf dem SpinaliS Stylist befindet sich Ihre Wirbels\u00e4ule stets in der richtigen Position, wodurch die Bandscheiben entlastet werden und gleichzeitig Ihre Beine entlastet werden.   <\/p>\n<ul>\n<li>Anti-Rutsch-Sitz<\/li>\n<li>kleinere untere R\u00fcckenlehne<\/li>\n<li>angepasste R\u00e4der<\/li>\n<li>patentierte Federtechnik<\/li>\n<\/ul>\n<p>\t\t\t<a href=\"https:\/\/www.spinalis.com\/de\/burostuhle\/spinalis-stylist\/\"><br \/>\n  Mehr sehen<br \/>\n\t\t\t\t\t<\/a><br \/>\n\t\t\t\t\t\t\t<a href=\"https:\/\/www.spinalis.com\/wp-content\/uploads\/zenska-na-pisarniskem-stolu-spinalis-stylist-za-mizo.jpg\" data-elementor-open-lightbox=\"yes\" data-elementor-lightbox-slideshow=\"2d857ac\" data-e-action-hash=\"#elementor-action%3Aaction%3Dlightbox%26settings%3DeyJpZCI6NTQ0OSwidXJsIjoiaHR0cHM6XC9cL3d3dy5zcGluYWxpcy5zaVwvd3AtY29udGVudFwvdXBsb2Fkc1wvemVuc2thLW5hLXBpc2Fybmlza2VtLXN0b2x1LXNwaW5hbGlzLXN0eWxpc3QtemEtbWl6by5qcGciLCJzbGlkZXNob3ciOiIyZDg1N2FjIn0%3D\"><br \/>\n\t\t\t\t\t\t\t\t\t\t\t\t\t\t<\/a><br \/>\n\t\t\t\t\t\t\t<a href=\"https:\/\/www.spinalis.com\/wp-content\/uploads\/crn-pisarniski-stol-spinalis-stylist-stoji-ob-mizi.jpg\" data-elementor-open-lightbox=\"yes\" data-elementor-lightbox-slideshow=\"2d857ac\" data-e-action-hash=\"#elementor-action%3Aaction%3Dlightbox%26settings%3DeyJpZCI6NTQ1MCwidXJsIjoiaHR0cHM6XC9cL3d3dy5zcGluYWxpcy5zaVwvd3AtY29udGVudFwvdXBsb2Fkc1wvY3JuLXBpc2Fybmlza2ktc3RvbC1zcGluYWxpcy1zdHlsaXN0LXN0b2ppLW9iLW1pemkuanBnIiwic2xpZGVzaG93IjoiMmQ4NTdhYyJ9\"><br \/>\n\t\t\t\t\t\t\t\t\t\t\t\t\t\t<\/a><br \/>\n\t\t\t\t\t\t\t<a href=\"https:\/\/www.spinalis.com\/wp-content\/uploads\/ergonomski-frizerski-stol-spinalis-stylist.jpg\" data-elementor-open-lightbox=\"yes\" data-elementor-lightbox-slideshow=\"2d857ac\" data-e-action-hash=\"#elementor-action%3Aaction%3Dlightbox%26settings%3DeyJpZCI6MTM2OCwidXJsIjoiaHR0cHM6XC9cL3d3dy5zcGluYWxpcy5zaVwvd3AtY29udGVudFwvdXBsb2Fkc1wvZXJnb25vbXNraS1mcml6ZXJza2ktc3RvbC1zcGluYWxpcy1zdHlsaXN0LmpwZyIsInNsaWRlc2hvdyI6IjJkODU3YWMifQ%3D%3D\"><br \/>\n\t\t\t\t\t\t\t\t\t\t\t\t\t\t<\/a><br \/>\n\t\t\t\t\t\t\t<a href=\"https:\/\/www.spinalis.com\/wp-content\/uploads\/stylist-s.jpg\" data-elementor-open-lightbox=\"yes\" data-elementor-lightbox-slideshow=\"2d857ac\" data-e-action-hash=\"#elementor-action%3Aaction%3Dlightbox%26settings%3DeyJpZCI6MTMzNywidXJsIjoiaHR0cHM6XC9cL3d3dy5zcGluYWxpcy5zaVwvd3AtY29udGVudFwvdXBsb2Fkc1wvc3R5bGlzdC1zLmpwZyIsInNsaWRlc2hvdyI6IjJkODU3YWMifQ%3D%3D\"><br \/>\n\t\t\t\t\t\t\t\t\t\t\t\t\t\t<\/a><br \/>\n\t\t\t\t\t\t\t\t\t\t\t\t\t<img loading=\"lazy\" decoding=\"async\" width=\"1197\" height=\"1800\" src=\"https:\/\/www.spinalis.com\/wp-content\/uploads\/crn-pisarniski-stol-spinalis-stylist-stoji-ob-mizi.jpg\" alt=\"B\u00fcro-Schreibtisch-Dent-neben-dem-Schreibtisch\" srcset=\"https:\/\/www.spinalis.com\/wp-content\/uploads\/crn-pisarniski-stol-spinalis-stylist-stoji-ob-mizi.jpg 1197w, https:\/\/www.spinalis.com\/wp-content\/uploads\/crn-pisarniski-stol-spinalis-stylist-stoji-ob-mizi-300x451.jpg 300w, https:\/\/www.spinalis.com\/wp-content\/uploads\/crn-pisarniski-stol-spinalis-stylist-stoji-ob-mizi-600x902.jpg 600w, https:\/\/www.spinalis.com\/wp-content\/uploads\/crn-pisarniski-stol-spinalis-stylist-stoji-ob-mizi-399x600.jpg 399w, https:\/\/www.spinalis.com\/wp-content\/uploads\/crn-pisarniski-stol-spinalis-stylist-stoji-ob-mizi-681x1024.jpg 681w, https:\/\/www.spinalis.com\/wp-content\/uploads\/crn-pisarniski-stol-spinalis-stylist-stoji-ob-mizi-768x1155.jpg 768w, https:\/\/www.spinalis.com\/wp-content\/uploads\/crn-pisarniski-stol-spinalis-stylist-stoji-ob-mizi-1021x1536.jpg 1021w\" sizes=\"auto, (max-width: 1197px) 100vw, 1197px\"><br \/>\n\t\t\t\t\t\t\t\t\t\t\t\t\t<img decoding=\"async\" src=\"https:\/\/www.spinalis.com\/wp-content\/uploads\/pisarniski-stol-rodeo-spinalis-rodeo-pred-pisalno-mizo.jpg\" title=\"\" alt=\"\" loading=\"lazy\">\t\t\t\t\t\t\t\t\t\t\t\t\t<\/p>\n<h2>SpinaliS RODEO<\/h2>\n<p>Eines der besonderen Merkmale des SpinaliS Rodeo Stuhls ist sein einzigartiges Sitzdesign, das ein \u00dcberkreuzen der Beine verhindert und ausgezeichnete Unterst\u00fctzung und au\u00dfergew\u00f6hnliche Stabilit\u00e4t bietet. Rodeo zeichnet sich auch dadurch aus, dass er ziemlich hoch eingestellt werden kann, was ihn besonders f\u00fcr diejenigen unter uns geeignet macht, die an hohen Schreibtischen oder Pulten arbeiten und f\u00fcr gr\u00f6\u00dfere Benutzer. <\/p>\n<ul>\n<li>sattelf\u00f6rmiger Sitz<\/li>\n<li>h\u00f6her verstellbarer Sitz<\/li>\n<li>dreistufige Einstellung der R\u00fcckenlehne<\/li>\n<li>patentierte Federtechnik<\/li>\n<\/ul>\n<p>\t\t\t<a href=\"https:\/\/www.spinalis.com\/de\/burostuhle\/spinalis-rodeo\/\"><br \/>\n  Mehr sehen<br \/>\n\t\t\t\t\t<\/a><br \/>\n\t\t\t\t\t\t\t<a href=\"https:\/\/www.spinalis.com\/wp-content\/uploads\/zenska-sedi-na-pisarniskem-stolu-spinalis-rodeo-02.jpg\" data-elementor-open-lightbox=\"yes\" data-elementor-lightbox-slideshow=\"b07a3fc\" data-e-action-hash=\"#elementor-action%3Aaction%3Dlightbox%26settings%3DeyJpZCI6NTQzNywidXJsIjoiaHR0cHM6XC9cL3d3dy5zcGluYWxpcy5zaVwvd3AtY29udGVudFwvdXBsb2Fkc1wvemVuc2thLXNlZGktbmEtcGlzYXJuaXNrZW0tc3RvbHUtc3BpbmFsaXMtcm9kZW8tMDIuanBnIiwic2xpZGVzaG93IjoiYjA3YTNmYyJ9\"><br \/>\n\t\t\t\t\t\t\t\t\t\t\t\t\t\t<\/a><br \/>\n\t\t\t\t\t\t\t<a href=\"https:\/\/www.spinalis.com\/wp-content\/uploads\/pisarniski-stol-spinalis-rodeo-04.jpg\" data-elementor-open-lightbox=\"yes\" data-elementor-lightbox-slideshow=\"b07a3fc\" data-e-action-hash=\"#elementor-action%3Aaction%3Dlightbox%26settings%3DeyJpZCI6NTQzOSwidXJsIjoiaHR0cHM6XC9cL3d3dy5zcGluYWxpcy5zaVwvd3AtY29udGVudFwvdXBsb2Fkc1wvcGlzYXJuaXNraS1zdG9sLXNwaW5hbGlzLXJvZGVvLTA0LmpwZyIsInNsaWRlc2hvdyI6ImIwN2EzZmMifQ%3D%3D\"><br \/>\n\t\t\t\t\t\t\t\t\t\t\t\t\t\t<\/a><br \/>\n\t\t\t\t\t\t\t<a href=\"https:\/\/www.spinalis.com\/wp-content\/uploads\/rodeo-prikazna.jpg\" data-elementor-open-lightbox=\"yes\" data-elementor-lightbox-slideshow=\"b07a3fc\" data-e-action-hash=\"#elementor-action%3Aaction%3Dlightbox%26settings%3DeyJpZCI6ODA0NSwidXJsIjoiaHR0cHM6XC9cL3d3dy5zcGluYWxpcy5zaVwvd3AtY29udGVudFwvdXBsb2Fkc1wvcm9kZW8tcHJpa2F6bmEuanBnIiwic2xpZGVzaG93IjoiYjA3YTNmYyJ9\"><br \/>\n\t\t\t\t\t\t\t\t\t\t\t\t\t\t<\/a><br \/>\n\t\t\t\t\t\t\t<a href=\"https:\/\/www.spinalis.com\/wp-content\/uploads\/rodeo-s.jpg\" data-elementor-open-lightbox=\"yes\" data-elementor-lightbox-slideshow=\"b07a3fc\" data-e-action-hash=\"#elementor-action%3Aaction%3Dlightbox%26settings%3DeyJpZCI6MTM2MCwidXJsIjoiaHR0cHM6XC9cL3d3dy5zcGluYWxpcy5zaVwvd3AtY29udGVudFwvdXBsb2Fkc1wvcm9kZW8tcy5qcGciLCJzbGlkZXNob3ciOiJiMDdhM2ZjIn0%3D\"><br \/>\n\t\t\t\t\t\t\t\t\t\t\t\t\t\t<\/a><\/p>\n<h2>SpinaliS EXPLORER<\/h2>\n<p>Der Explorer B\u00fcrostuhl ist die perfekte Wahl f\u00fcr alle, die etwas h\u00f6her sitzen und trotzdem mobil sein m\u00f6chten. Die bequeme, minimalistische R\u00fcckenlehne und die teilweise Armlehne sind nicht im Weg, da die Arme etwas k\u00fcrzer sind und Sie den Stuhl leicht n\u00e4her an Ihren Schreibtisch r\u00fccken k\u00f6nnen. Die Sitzfl\u00e4che erinnert an die Form eines Sattels, eignet sich aber durch ihre abgerundete Form auch als Fl\u00fcgelsitz. Der Hybrid zwischen dem Smart und dem Rodeo B\u00fcrostuhl wird Sie mit seiner Funktionalit\u00e4t beeindrucken. Er bietet Komfort, aktives Sitzen und die M\u00f6glichkeit, die R\u00fcckenlehne und den Sitz in h\u00f6here Positionen zu bringen.   <\/p>\n<ul>\n<li>dreifach verstellbare R\u00fcckenlehne<\/li>\n<li>f\u00fcr h\u00f6here Posten<\/li>\n<li>Ableitung der Sattelform<\/li>\n<li>patentierte Federtechnik<\/li>\n<\/ul>\n<p>\t\t\t<a href=\"https:\/\/www.spinalis.com\/de\/burostuhle\/spinalis-explorer\/\"><br \/>\n  Mehr sehen<br \/>\n\t\t\t\t\t<\/a><br \/>\n\t\t\t\t\t\t\t<a href=\"https:\/\/www.spinalis.com\/wp-content\/uploads\/Pisarniski-stolspinalis-explorer.jpg\" data-elementor-open-lightbox=\"yes\" data-elementor-lightbox-slideshow=\"ef7c10b\" data-e-action-hash=\"#elementor-action%3Aaction%3Dlightbox%26settings%3DeyJpZCI6NTQxNCwidXJsIjoiaHR0cHM6XC9cL3d3dy5zcGluYWxpcy5zaVwvd3AtY29udGVudFwvdXBsb2Fkc1wvUGlzYXJuaXNraS1zdG9sc3BpbmFsaXMtZXhwbG9yZXIuanBnIiwic2xpZGVzaG93IjoiZWY3YzEwYiJ9\"><br \/>\n\t\t\t\t\t\t\t\t\t\t\t\t\t\t<\/a><br \/>\n\t\t\t\t\t\t\t<a href=\"https:\/\/www.spinalis.com\/wp-content\/uploads\/Pisarniski-stol-spinalis-explorer-crne-barve.jpg\" data-elementor-open-lightbox=\"yes\" data-elementor-lightbox-slideshow=\"ef7c10b\" data-e-action-hash=\"#elementor-action%3Aaction%3Dlightbox%26settings%3DeyJpZCI6NTQxNSwidXJsIjoiaHR0cHM6XC9cL3d3dy5zcGluYWxpcy5zaVwvd3AtY29udGVudFwvdXBsb2Fkc1wvUGlzYXJuaXNraS1zdG9sLXNwaW5hbGlzLWV4cGxvcmVyLWNybmUtYmFydmUuanBnIiwic2xpZGVzaG93IjoiZWY3YzEwYiJ9\"><br \/>\n\t\t\t\t\t\t\t\t\t\t\t\t\t\t<\/a><br \/>\n\t\t\t\t\t\t\t<a href=\"https:\/\/www.spinalis.com\/wp-content\/uploads\/Punca-sedi-na-pisarniskem-stolu-spinalis-explorer.jpg\" data-elementor-open-lightbox=\"yes\" data-elementor-lightbox-slideshow=\"ef7c10b\" data-e-action-hash=\"#elementor-action%3Aaction%3Dlightbox%26settings%3DeyJpZCI6NTQxMCwidXJsIjoiaHR0cHM6XC9cL3d3dy5zcGluYWxpcy5zaVwvd3AtY29udGVudFwvdXBsb2Fkc1wvUHVuY2Etc2VkaS1uYS1waXNhcm5pc2tlbS1zdG9sdS1zcGluYWxpcy1leHBsb3Jlci5qcGciLCJzbGlkZXNob3ciOiJlZjdjMTBiIn0%3D\"><br \/>\n\t\t\t\t\t\t\t\t\t\t\t\t\t\t<\/a><br \/>\n\t\t\t\t\t\t\t<a href=\"https:\/\/www.spinalis.com\/wp-content\/uploads\/explorer-crna-1.jpg\" data-elementor-open-lightbox=\"yes\" data-elementor-lightbox-slideshow=\"ef7c10b\" data-e-action-hash=\"#elementor-action%3Aaction%3Dlightbox%26settings%3DeyJpZCI6MzU3MiwidXJsIjoiaHR0cHM6XC9cL3d3dy5zcGluYWxpcy5zaVwvd3AtY29udGVudFwvdXBsb2Fkc1wvZXhwbG9yZXItY3JuYS0xLmpwZyIsInNsaWRlc2hvdyI6ImVmN2MxMGIifQ%3D%3D\"><br \/>\n\t\t\t\t\t\t\t\t\t\t\t\t\t\t<\/a><br \/>\n\t\t\t\t\t\t\t\t\t\t\t\t\t<img loading=\"lazy\" decoding=\"async\" width=\"1197\" height=\"1800\" src=\"https:\/\/www.spinalis.com\/wp-content\/uploads\/Pisarniski-stol-spinalis-explorer-sive-barve.jpg\" alt=\"Explorer B\u00fcrostuhl in Grau neben dem Schreibtisch\" srcset=\"https:\/\/www.spinalis.com\/wp-content\/uploads\/Pisarniski-stol-spinalis-explorer-sive-barve.jpg 1197w, https:\/\/www.spinalis.com\/wp-content\/uploads\/Pisarniski-stol-spinalis-explorer-sive-barve-300x451.jpg 300w, https:\/\/www.spinalis.com\/wp-content\/uploads\/Pisarniski-stol-spinalis-explorer-sive-barve-600x902.jpg 600w, https:\/\/www.spinalis.com\/wp-content\/uploads\/Pisarniski-stol-spinalis-explorer-sive-barve-399x600.jpg 399w, https:\/\/www.spinalis.com\/wp-content\/uploads\/Pisarniski-stol-spinalis-explorer-sive-barve-681x1024.jpg 681w, https:\/\/www.spinalis.com\/wp-content\/uploads\/Pisarniski-stol-spinalis-explorer-sive-barve-768x1155.jpg 768w, https:\/\/www.spinalis.com\/wp-content\/uploads\/Pisarniski-stol-spinalis-explorer-sive-barve-1021x1536.jpg 1021w\" sizes=\"auto, (max-width: 1197px) 100vw, 1197px\"><br \/>\n\t\t\t\t\t\t\t\t\t\t\t\t\t<img loading=\"lazy\" decoding=\"async\" width=\"1197\" height=\"1800\" src=\"https:\/\/www.spinalis.com\/wp-content\/uploads\/pisarniski-stol-spinalis-smart-02.jpg\" alt=\"Spider B\u00fcrostuhl in Rot neben dem Schreibtisch\" srcset=\"https:\/\/www.spinalis.com\/wp-content\/uploads\/pisarniski-stol-spinalis-smart-02.jpg 1197w, https:\/\/www.spinalis.com\/wp-content\/uploads\/pisarniski-stol-spinalis-smart-02-300x451.jpg 300w, https:\/\/www.spinalis.com\/wp-content\/uploads\/pisarniski-stol-spinalis-smart-02-600x902.jpg 600w, https:\/\/www.spinalis.com\/wp-content\/uploads\/pisarniski-stol-spinalis-smart-02-399x600.jpg 399w, https:\/\/www.spinalis.com\/wp-content\/uploads\/pisarniski-stol-spinalis-smart-02-681x1024.jpg 681w, https:\/\/www.spinalis.com\/wp-content\/uploads\/pisarniski-stol-spinalis-smart-02-768x1155.jpg 768w, https:\/\/www.spinalis.com\/wp-content\/uploads\/pisarniski-stol-spinalis-smart-02-1021x1536.jpg 1021w\" sizes=\"auto, (max-width: 1197px) 100vw, 1197px\">\t\t\t\t\t\t\t\t\t\t\t\t\t<\/p>\n<h2>SpinaliS SMART<\/h2>\n<p>Der SpinaliS Smart B\u00fcrostuhl ist ideal f\u00fcr diejenigen unter uns, die immer wenig Platz haben. Er hat einen h\u00f6henverstellbaren Sitz und eine kleine R\u00fccken- und Armlehne. Dank seiner geringen Gr\u00f6\u00dfe und Niedlichkeit passt er in jeden noch so kleinen Raum, da er problemlos unter einem Schreibtisch verstaut werden kann. Er ist eines der B\u00fcrostuhlmodelle ohne Armlehnen, was dem Benutzer zus\u00e4tzliche Beweglichkeit und Bewegungsfreiheit gibt.  <\/p>\n<ul>\n<li>kleinere R\u00fcckenlehne<\/li>\n<li>Geeignet f\u00fcr kleinere R\u00e4ume<\/li>\n<li>kann unter dem Tisch verstaut werden<\/li>\n<li>patentierte Federtechnik<\/li>\n<\/ul>\n<p>\t\t\t<a href=\"https:\/\/www.spinalis.com\/de\/burostuhle\/spinalis-smart\/\"><br \/>\n  Mehr sehen<br \/>\n\t\t\t\t\t<\/a><br \/>\n\t\t\t\t\t\t\t<a href=\"https:\/\/www.spinalis.com\/wp-content\/uploads\/pisarniski-stol-spinalis-smart-03.jpg\" data-elementor-open-lightbox=\"yes\" data-elementor-lightbox-slideshow=\"6d02bbb\" data-e-action-hash=\"#elementor-action%3Aaction%3Dlightbox%26settings%3DeyJpZCI6NTQ0MiwidXJsIjoiaHR0cHM6XC9cL3d3dy5zcGluYWxpcy5zaVwvd3AtY29udGVudFwvdXBsb2Fkc1wvcGlzYXJuaXNraS1zdG9sLXNwaW5hbGlzLXNtYXJ0LTAzLmpwZyIsInNsaWRlc2hvdyI6IjZkMDJiYmIifQ%3D%3D\"><br \/>\n\t\t\t\t\t\t\t\t\t\t\t\t\t\t<\/a><br \/>\n\t\t\t\t\t\t\t<a href=\"https:\/\/www.spinalis.com\/wp-content\/uploads\/smart-white-person.jpg\" data-elementor-open-lightbox=\"yes\" data-elementor-lightbox-slideshow=\"6d02bbb\" data-e-action-hash=\"#elementor-action%3Aaction%3Dlightbox%26settings%3DeyJpZCI6MTQ3MCwidXJsIjoiaHR0cHM6XC9cL3d3dy5zcGluYWxpcy5zaVwvd3AtY29udGVudFwvdXBsb2Fkc1wvc21hcnQtd2hpdGUtcGVyc29uLmpwZyIsInNsaWRlc2hvdyI6IjZkMDJiYmIifQ%3D%3D\"><br \/>\n\t\t\t\t\t\t\t\t\t\t\t\t\t\t<\/a><br \/>\n\t\t\t\t\t\t\t<a href=\"https:\/\/www.spinalis.com\/wp-content\/uploads\/smart-prikazna.jpg\" data-elementor-open-lightbox=\"yes\" data-elementor-lightbox-slideshow=\"6d02bbb\" data-e-action-hash=\"#elementor-action%3Aaction%3Dlightbox%26settings%3DeyJpZCI6ODA0NiwidXJsIjoiaHR0cHM6XC9cL3d3dy5zcGluYWxpcy5zaVwvd3AtY29udGVudFwvdXBsb2Fkc1wvc21hcnQtcHJpa2F6bmEuanBnIiwic2xpZGVzaG93IjoiNmQwMmJiYiJ9\"><br \/>\n\t\t\t\t\t\t\t\t\t\t\t\t\t\t<\/a><br \/>\n\t\t\t\t\t\t\t<a href=\"https:\/\/www.spinalis.com\/wp-content\/uploads\/smart-s.jpg\" data-elementor-open-lightbox=\"yes\" data-elementor-lightbox-slideshow=\"6d02bbb\" data-e-action-hash=\"#elementor-action%3Aaction%3Dlightbox%26settings%3DeyJpZCI6MTM2MywidXJsIjoiaHR0cHM6XC9cL3d3dy5zcGluYWxpcy5zaVwvd3AtY29udGVudFwvdXBsb2Fkc1wvc21hcnQtcy5qcGciLCJzbGlkZXNob3ciOiI2ZDAyYmJiIn0%3D\"><br \/>\n\t\t\t\t\t\t\t\t\t\t\t\t\t\t<\/a><\/p>\n<p>Jeder SpinaliS-Stuhl ist mit einer patentierten Federtechnologie ausgestattet, die aktives Sitzen und ergonomische Unterst\u00fctzung gew\u00e4hrleistet. W\u00e4hlen Sie den Stuhl, der am besten zu Ihren Bed\u00fcrfnissen passt, und erleben Sie \u00fcberlegenen Komfort und gesundheitliche Vorteile. Entdecken Sie noch heute unser Angebot und ver\u00e4ndern Sie Ihr Sitzgef\u00fchl!  <\/p>\n<h2>Alle SpinaliS St\u00fchle<\/h2>\n","protected":false},"excerpt":{"rendered":"<p>Ganz gleich, ob Sie Komfort in einem beruflichen Umfeld oder zu Hause suchen, SpinaliS bietet eine Reihe von Modellen, die Ihre Gesundheit unterst\u00fctzen und Ihr Arbeitsumfeld verbessern. Entdecken Sie unsere Modelle: Smart, Rodeo, Stylist, Explorer und Dent, die alle entwickelt wurden, um spezifische Bed\u00fcrfnisse mit unvergleichlicher Qualit\u00e4t zu erf\u00fcllen. SpinaliS DENT SpinaliS Dent wurde f\u00fcr [&hellip;]<\/p>\n","protected":false},"author":8,"featured_media":21655,"parent":0,"menu_order":0,"comment_status":"closed","ping_status":"closed","template":"","meta":{"_acf_changed":false,"footnotes":""},"class_list":["post-21654","page","type-page","status-publish","has-post-thumbnail","hentry"],"acf":[],"_links":{"self":[{"href":"https:\/\/www.spinalis.com\/de\/wp-json\/wp\/v2\/pages\/21654","targetHints":{"allow":["GET"]}}],"collection":[{"href":"https:\/\/www.spinalis.com\/de\/wp-json\/wp\/v2\/pages"}],"about":[{"href":"https:\/\/www.spinalis.com\/de\/wp-json\/wp\/v2\/types\/page"}],"author":[{"embeddable":true,"href":"https:\/\/www.spinalis.com\/de\/wp-json\/wp\/v2\/users\/8"}],"replies":[{"embeddable":true,"href":"https:\/\/www.spinalis.com\/de\/wp-json\/wp\/v2\/comments?post=21654"}],"version-history":[{"count":0,"href":"https:\/\/www.spinalis.com\/de\/wp-json\/wp\/v2\/pages\/21654\/revisions"}],"wp:featuredmedia":[{"embeddable":true,"href":"https:\/\/www.spinalis.com\/de\/wp-json\/wp\/v2\/media\/21655"}],"wp:attachment":[{"href":"https:\/\/www.spinalis.com\/de\/wp-json\/wp\/v2\/media?parent=21654"}],"curies":[{"name":"wp","href":"https:\/\/api.w.org\/{rel}","templated":true}]}}